{"id":6551,"date":"2024-09-29T09:21:02","date_gmt":"2024-09-29T05:51:02","guid":{"rendered":"https:\/\/padidehshimi.com\/yenilik\/"},"modified":"2025-11-13T11:31:11","modified_gmt":"2025-11-13T08:01:11","slug":"yenilik","status":"publish","type":"page","link":"https:\/\/padidehshimi.com\/tr\/yenilik\/","title":{"rendered":"Yenilik"},"content":{"rendered":"\t\t<div data-elementor-type=\"wp-page\" data-elementor-id=\"6551\" class=\"elementor elementor-6551 elementor-335\" data-elementor-post-type=\"page\">\n\t\t\t\t\t\t<section class=\"elementor-section elementor-top-section elementor-element elementor-element-3454c56 wd-section-stretch-content elementor-section-boxed elementor-section-height-default elementor-section-height-default\" data-id=\"3454c56\" data-element_type=\"section\" data-e-type=\"section\" data-settings=\"{&quot;background_background&quot;:&quot;classic&quot;}\">\n\t\t\t\t\t\t<div class=\"elementor-container elementor-column-gap-default\">\n\t\t\t\t\t<div class=\"elementor-column elementor-col-100 elementor-top-column elementor-element elementor-element-084d850\" data-id=\"084d850\" data-element_type=\"column\" data-e-type=\"column\" data-settings=\"{&quot;background_background&quot;:&quot;classic&quot;}\">\n\t\t\t<div class=\"elementor-widget-wrap elementor-element-populated\">\n\t\t\t\t\t\t<div class=\"elementor-element elementor-element-2cdb282 elementor-widget elementor-widget-heading\" data-id=\"2cdb282\" data-element_type=\"widget\" data-e-type=\"widget\" data-widget_type=\"heading.default\">\n\t\t\t\t\t<h3 class=\"elementor-heading-title elementor-size-default\">Yenilik<\/h3>\t\t\t\t<\/div>\n\t\t\t\t<div class=\"elementor-element elementor-element-d47203e color-scheme-inherit text-left elementor-widget elementor-widget-text-editor\" data-id=\"d47203e\" data-element_type=\"widget\" data-e-type=\"widget\" data-widget_type=\"text-editor.default\">\n\t\t\t\t\t\t\t\t\t<p>G\u00fcn\u00fcm\u00fcz d\u00fcnyas\u0131nda, malzeme, \u00fcr\u00fcn, s\u00fcre\u00e7 ve teknolojilerdeki yeniliklerin \u00e7o\u011fu, ara\u015ft\u0131rma ve geli\u015ftirme departmanlar\u0131n\u0131n faaliyetleri sayesinde ger\u00e7ekle\u015fmektedir. Ara\u015ft\u0131rma ve geli\u015ftirme departman\u0131, sat\u0131\u015f s\u00fcrecinin sa\u011flanmas\u0131nda ve m\u00fc\u015fterilere en iyi hizmetlerin sunulmas\u0131nda hayati bir rol oynad\u0131\u011f\u0131 i\u00e7in, ayn\u0131 zamanda ekonomik b\u00fcy\u00fcme ve kalk\u0131nman\u0131n da \u00f6nemli bir itici g\u00fcc\u00fc olarak kabul edilmektedir. <\/p><p>K\u00fcresel pazarlarda \u015f\u00fcphesiz ki, bu \u015firketler, m\u00fc\u015fterilerin g\u00fcncel kaliteli, \u00e7e\u015fitli ve d\u00fc\u015f\u00fck maliyetli \u00fcr\u00fcn ve hizmet ihtiya\u00e7lar\u0131n\u0131 en k\u0131sa s\u00fcrede kar\u015f\u0131layacak \u015fekilde inovasyon yaparak en b\u00fcy\u00fck pazar pay\u0131n\u0131 yakalayabileceklerdir; bu da ba\u015fl\u0131 ba\u015f\u0131na s\u00fcrekli ara\u015ft\u0131rma ve geli\u015ftirme gerektirmektedir.<\/p><p>Buna g\u00f6re Padideh Shimi Jam \u015eirketi&#8217;nin Ara\u015ft\u0131rma ve Geli\u015ftirme Birimi, deneyimli personeli ve modern ve geli\u015fmi\u015f ekipmanlar\u0131 kullanarak, pazar ihtiya\u00e7lar\u0131 do\u011frultusunda yeni \u00fcr\u00fcnler geli\u015ftirmek ve \u00fcr\u00fcn kalitesini art\u0131rmak i\u00e7in bilimsel ve teknolojik yetenekler edinmek amac\u0131yla \u015firket hedefleri do\u011frultusunda ad\u0131mlar atmaktad\u0131r.<\/p>\t\t\t\t\t\t\t\t<\/div>\n\t\t\t\t\t<\/div>\n\t\t<\/div>\n\t\t\t\t\t<\/div>\n\t\t<\/section>\n\t\t\t\t<section class=\"elementor-section elementor-top-section elementor-element elementor-element-a5d9d67 about-single-tak elementor-section-boxed elementor-section-height-default elementor-section-height-default\" data-id=\"a5d9d67\" data-element_type=\"section\" data-e-type=\"section\" data-settings=\"{&quot;background_background&quot;:&quot;classic&quot;}\">\n\t\t\t\t\t\t<div class=\"elementor-container elementor-column-gap-default\">\n\t\t\t\t\t<div class=\"elementor-column elementor-col-100 elementor-top-column elementor-element elementor-element-ee21a20\" data-id=\"ee21a20\" data-element_type=\"column\" data-e-type=\"column\" data-settings=\"{&quot;background_background&quot;:&quot;classic&quot;}\">\n\t\t\t<div class=\"elementor-widget-wrap elementor-element-populated\">\n\t\t\t\t\t\t<div class=\"elementor-element elementor-element-550f503 elementor-widget elementor-widget-heading\" data-id=\"550f503\" data-element_type=\"widget\" data-e-type=\"widget\" data-widget_type=\"heading.default\">\n\t\t\t\t\t<h3 class=\"elementor-heading-title elementor-size-default\">Ara\u015ft\u0131rma ve Geli\u015ftirme Biriminin Ama\u00e7lar\u0131\n<\/h3>\t\t\t\t<\/div>\n\t\t\t\t<div class=\"elementor-element elementor-element-4ae9dde color-scheme-inherit text-left elementor-widget elementor-widget-text-editor\" data-id=\"4ae9dde\" data-element_type=\"widget\" data-e-type=\"widget\" data-widget_type=\"text-editor.default\">\n\t\t\t\t\t\t\t\t\t<p>\u015eirketimizin ara\u015ft\u0131rma ve geli\u015ftirme birimi, ara\u015ft\u0131rma faaliyetlerinin a\u00e7\u0131klanmas\u0131, planlanmas\u0131, uygulanmas\u0131 ve kontrol\u00fc i\u00e7in uygun bir platform olu\u015fturarak daha kaliteli \u00fcr\u00fcnler \u00fcretmek i\u00e7in bilimsel bir \u00e7\u00f6z\u00fcm sunmay\u0131 hedeflemektedir. Bu birim ayr\u0131ca, yeni \u00fcr\u00fcnleri s\u00fcrekli izleyerek m\u00fc\u015fteri ihtiya\u00e7lar\u0131n\u0131 kar\u015f\u0131layan yeni malzemelerin \u00fcretimiyle ilgili \u015firketin ara\u015ft\u0131rma ihtiya\u00e7lar\u0131n\u0131 belirler ve bu alanda gerekli ara\u015ft\u0131rma projelerini ve planlar\u0131n\u0131 tan\u0131mlay\u0131p y\u00f6netir. Yabanc\u0131 kaliteli numunelerle rekabet g\u00fcc\u00fcn\u00fc art\u0131rmak ve k\u00fcresel pazarlarda aktif bir varl\u0131k g\u00f6stermek, bu birimin di\u011fer \u00f6nemli hedefleridir.  <\/p><p>Bu birimin di\u011fer ama\u00e7lar\u0131 \u015funlard\u0131r:<\/p><p><i class=\"sui sui-check-square-o\"><img decoding=\"async\" class=\"alignnone wp-image-934\" src=\"https:\/\/padidehshimi.com\/wp-content\/smush-webp\/2024\/10\/noun-check-box-7246489.png.webp\" alt=\"\" width=\"16\" height=\"14\" data-smush-webp-fallback=\"{&quot;src&quot;:&quot;https:\\\/\\\/padidehshimi.com\\\/wp-content\\\/uploads\\\/2024\\\/10\\\/noun-check-box-7246489.png&quot;}\">  <\/i>Yeni \u00fcr\u00fcnler geli\u015ftirmek i\u00e7in yeni bilgi \u00fcretmek<br>&lt; 0 &gt; Mevcut form\u00fclasyonlar\u0131n kalitesini art\u0131rmak<br>&lt; 0 &gt; Kimyasal \u00fcr\u00fcn pazar\u0131n\u0131n ihtiya\u00e7lar\u0131n\u0131 ke\u015ffetmek ve anlamak<br>&lt; 0 &gt; Nihai sonuca ula\u015f\u0131lana kadar t\u00fcm ara\u015ft\u0131rma ve geli\u015ftirme a\u015famalar\u0131n\u0131 izlemek<br>&lt; 0 &gt; Ara\u015ft\u0131rma \u00fcr\u00fcnleri \u00fczerinde s\u00fcrd\u00fcr\u00fclebilirlik \u00e7al\u0131\u015fmalar\u0131 y\u00fcr\u00fctmek<\/p>\t\t\t\t\t\t\t\t<\/div>\n\t\t\t\t\t<\/div>\n\t\t<\/div>\n\t\t\t\t\t<\/div>\n\t\t<\/section>\n\t\t\t\t<section class=\"elementor-section elementor-top-section elementor-element elementor-element-bd7d506 elementor-section-boxed elementor-section-height-default elementor-section-height-default\" data-id=\"bd7d506\" data-element_type=\"section\" data-e-type=\"section\">\n\t\t\t\t\t\t<div class=\"elementor-container elementor-column-gap-default\">\n\t\t\t\t\t<div class=\"elementor-column elementor-col-100 elementor-top-column elementor-element elementor-element-b91ed58\" data-id=\"b91ed58\" data-element_type=\"column\" data-e-type=\"column\">\n\t\t\t<div class=\"elementor-widget-wrap elementor-element-populated\">\n\t\t\t\t\t\t<div class=\"elementor-element elementor-element-76ca10e elementor-widget elementor-widget-heading\" data-id=\"76ca10e\" data-element_type=\"widget\" data-e-type=\"widget\" data-widget_type=\"heading.default\">\n\t\t\t\t\t<h3 class=\"elementor-heading-title elementor-size-default\">Ara\u015ft\u0131rma ve Geli\u015ftirme Biriminin son y\u0131llardaki ba\u015far\u0131lar\u0131<\/h3>\t\t\t\t<\/div>\n\t\t\t\t\t<\/div>\n\t\t<\/div>\n\t\t\t\t\t<\/div>\n\t\t<\/section>\n\t\t\t\t<section class=\"elementor-section elementor-top-section elementor-element elementor-element-033460b elementor-section-boxed elementor-section-height-default elementor-section-height-default\" data-id=\"033460b\" data-element_type=\"section\" data-e-type=\"section\">\n\t\t\t\t\t\t<div class=\"elementor-container elementor-column-gap-default\">\n\t\t\t\t\t<div class=\"elementor-column elementor-col-50 elementor-top-column elementor-element elementor-element-4cf9d6c\" data-id=\"4cf9d6c\" data-element_type=\"column\" data-e-type=\"column\">\n\t\t\t<div class=\"elementor-widget-wrap elementor-element-populated\">\n\t\t\t\t\t\t<div class=\"elementor-element elementor-element-be74f7e elementor-widget elementor-widget-heading\" data-id=\"be74f7e\" data-element_type=\"widget\" data-e-type=\"widget\" data-widget_type=\"heading.default\">\n\t\t\t\t\t<h5 class=\"elementor-heading-title elementor-size-default\">Yap\u0131lan \u00e7al\u0131\u015fmalar, ara\u015ft\u0131rmalar ve projeler<\/h5>\t\t\t\t<\/div>\n\t\t\t\t<div class=\"elementor-element elementor-element-34a9fd8 color-scheme-inherit text-left elementor-widget elementor-widget-text-editor\" data-id=\"34a9fd8\" data-element_type=\"widget\" data-e-type=\"widget\" data-widget_type=\"text-editor.default\">\n\t\t\t\t\t\t\t\t\tUluslararas\u0131 y\u00f6nergelere uygun olarak birincil ara\u015ft\u0131rma yapmak, \u00fcr\u00fcn haz\u0131rlamak ve \u00fcretmek\t\t\t\t\t\t\t\t<\/div>\n\t\t\t\t\t<\/div>\n\t\t<\/div>\n\t\t\t\t<div class=\"elementor-column elementor-col-50 elementor-top-column elementor-element elementor-element-9705f03\" data-id=\"9705f03\" data-element_type=\"column\" data-e-type=\"column\">\n\t\t\t<div class=\"elementor-widget-wrap elementor-element-populated\">\n\t\t\t\t\t\t<div class=\"elementor-element elementor-element-7f8b29b elementor-widget elementor-widget-heading\" data-id=\"7f8b29b\" data-element_type=\"widget\" data-e-type=\"widget\" data-widget_type=\"heading.default\">\n\t\t\t\t\t<h5 class=\"elementor-heading-title elementor-size-default\">Standartlar, g\u0131da ve ila\u00e7, \u00e7evre ve i\u015f sa\u011fl\u0131\u011f\u0131 ile ilgili tedbirler<\/h5>\t\t\t\t<\/div>\n\t\t\t\t\t<\/div>\n\t\t<\/div>\n\t\t\t\t\t<\/div>\n\t\t<\/section>\n\t\t<div class=\"wd-negative-gap elementor-element elementor-element-d0b8a6d e-flex e-con-boxed e-con e-parent\" data-id=\"d0b8a6d\" data-element_type=\"container\" data-e-type=\"container\">\n\t\t\t\t\t<div class=\"e-con-inner\">\n\t\t\t\t<div class=\"elementor-element elementor-element-1f99311 elementor-widget elementor-widget-template\" data-id=\"1f99311\" data-element_type=\"widget\" data-e-type=\"widget\" data-widget_type=\"template.default\">\n\t\t\t\t<div class=\"elementor-widget-container\">\n\t\t\t\t\t\t\t<div class=\"elementor-template\">\n\t\t\t\t\t<div data-elementor-type=\"loop-item\" data-elementor-id=\"7086\" class=\"elementor elementor-7086 elementor-345 e-loop-item e-loop-item-6551 post-6551 page type-page status-publish hentry\" data-elementor-post-type=\"elementor_library\" data-custom-edit-handle=\"1\">\n\t\t\t<div class=\"wd-negative-gap elementor-element elementor-element-edf0bf8 e-flex e-con-boxed e-con e-parent\" data-id=\"edf0bf8\" data-element_type=\"container\" data-e-type=\"container\">\n\t\t\t\t\t<div class=\"e-con-inner\">\n\t\t\t\t<div class=\"elementor-element elementor-element-7268670 wd_scroll_y_-80 wd_scroll_smoothness_30 wd-animation-normal wd_delay_100 wd-animation wd-transform elementor-widget elementor-widget-jet-listing-grid\" data-id=\"7268670\" data-element_type=\"widget\" data-e-type=\"widget\" data-settings=\"{&quot;columns&quot;:3,&quot;columns_tablet&quot;:&quot;2&quot;,&quot;columns_mobile&quot;:&quot;1&quot;}\" data-widget_type=\"jet-listing-grid.default\">\n\t\t\t\t\t<div class=\"jet-listing-grid jet-listing\"><div class=\"jet-listing-not-found jet-listing-grid__items\" data-nav=\"{&quot;enabled&quot;:false,&quot;type&quot;:null,&quot;more_el&quot;:null,&quot;query&quot;:[],&quot;widget_settings&quot;:{&quot;lisitng_id&quot;:179,&quot;posts_num&quot;:6,&quot;columns&quot;:3,&quot;columns_tablet&quot;:2,&quot;columns_mobile&quot;:1,&quot;column_min_width&quot;:240,&quot;column_min_width_tablet&quot;:240,&quot;column_min_width_mobile&quot;:240,&quot;inline_columns_css&quot;:false,&quot;is_archive_template&quot;:&quot;&quot;,&quot;post_status&quot;:[&quot;publish&quot;],&quot;use_random_posts_num&quot;:&quot;&quot;,&quot;max_posts_num&quot;:9,&quot;not_found_message&quot;:&quot;Veri bulunamad\\u0131.&quot;,&quot;is_masonry&quot;:false,&quot;equal_columns_height&quot;:&quot;yes&quot;,&quot;use_load_more&quot;:&quot;&quot;,&quot;load_more_id&quot;:&quot;&quot;,&quot;load_more_type&quot;:&quot;click&quot;,&quot;load_more_offset&quot;:{&quot;unit&quot;:&quot;px&quot;,&quot;size&quot;:0,&quot;sizes&quot;:[]},&quot;use_custom_post_types&quot;:&quot;&quot;,&quot;custom_post_types&quot;:[],&quot;hide_widget_if&quot;:&quot;&quot;,&quot;carousel_enabled&quot;:&quot;yes&quot;,&quot;slides_to_scroll&quot;:&quot;3&quot;,&quot;arrows&quot;:&quot;true&quot;,&quot;arrow_icon&quot;:&quot;fa fa-caret-left&quot;,&quot;dots&quot;:&quot;true&quot;,&quot;autoplay&quot;:&quot;true&quot;,&quot;pause_on_hover&quot;:&quot;true&quot;,&quot;autoplay_speed&quot;:5000,&quot;infinite&quot;:&quot;true&quot;,&quot;center_mode&quot;:&quot;&quot;,&quot;effect&quot;:&quot;slide&quot;,&quot;speed&quot;:500,&quot;inject_alternative_items&quot;:&quot;&quot;,&quot;injection_items&quot;:[],&quot;scroll_slider_enabled&quot;:&quot;&quot;,&quot;scroll_slider_on&quot;:[&quot;desktop&quot;,&quot;tablet&quot;,&quot;mobile&quot;],&quot;custom_query&quot;:false,&quot;custom_query_id&quot;:&quot;&quot;,&quot;_element_id&quot;:&quot;&quot;,&quot;collapse_first_last_gap&quot;:false,&quot;list_tag_selection&quot;:&quot;&quot;,&quot;list_items_wrapper_tag&quot;:&quot;div&quot;,&quot;list_item_tag&quot;:&quot;div&quot;,&quot;empty_items_wrapper_tag&quot;:&quot;div&quot;}}\" data-listing-source=\"posts\" data-listing-id=\"179\" data-query-id=\"\" data-queried-id=\"6551|WP_Post\">Veri bulunamad\u0131.<\/div><\/div>\t\t\t\t<\/div>\n\t\t\t\t\t<\/div>\n\t\t\t\t<\/div>\n\t\t\t\t<\/div>\n\t\t\t\t<\/div>\n\t\t\t\t\t\t<\/div>\n\t\t\t\t<\/div>\n\t\t\t\t\t<\/div>\n\t\t\t\t<\/div>\n\t\t\t\t<\/div>\n\t\t","protected":false},"excerpt":{"rendered":"<p>Yenilik G\u00fcn\u00fcm\u00fcz d\u00fcnyas\u0131nda, malzeme, \u00fcr\u00fcn, s\u00fcre\u00e7 ve teknolojilerdeki yeniliklerin \u00e7o\u011fu, ara\u015ft\u0131rma ve geli\u015ftirme departmanlar\u0131n\u0131n faaliyetleri sayesinde ger\u00e7ekle\u015fmektedir. Ara\u015ft\u0131rma ve geli\u015ftirme<\/p>\n","protected":false},"author":1,"featured_media":0,"parent":0,"menu_order":0,"comment_status":"closed","ping_status":"closed","template":"","meta":{"_acf_changed":false,"footnotes":""},"class_list":["post-6551","page","type-page","status-publish","hentry"],"acf":[],"_links":{"self":[{"href":"https:\/\/padidehshimi.com\/tr\/wp-json\/wp\/v2\/pages\/6551","targetHints":{"allow":["GET"]}}],"collection":[{"href":"https:\/\/padidehshimi.com\/tr\/wp-json\/wp\/v2\/pages"}],"about":[{"href":"https:\/\/padidehshimi.com\/tr\/wp-json\/wp\/v2\/types\/page"}],"author":[{"embeddable":true,"href":"https:\/\/padidehshimi.com\/tr\/wp-json\/wp\/v2\/users\/1"}],"replies":[{"embeddable":true,"href":"https:\/\/padidehshimi.com\/tr\/wp-json\/wp\/v2\/comments?post=6551"}],"version-history":[{"count":0,"href":"https:\/\/padidehshimi.com\/tr\/wp-json\/wp\/v2\/pages\/6551\/revisions"}],"wp:attachment":[{"href":"https:\/\/padidehshimi.com\/tr\/wp-json\/wp\/v2\/media?parent=6551"}],"curies":[{"name":"wp","href":"https:\/\/api.w.org\/{rel}","templated":true}]}}