{"id":6613,"date":"2024-09-28T14:38:36","date_gmt":"2024-09-28T11:08:36","guid":{"rendered":"https:\/\/padidehshimi.com\/kalite-ve-surdurulebilirlik\/"},"modified":"2025-11-18T10:30:21","modified_gmt":"2025-11-18T07:00:21","slug":"kalite-ve-surdurulebilirlik","status":"publish","type":"page","link":"https:\/\/padidehshimi.com\/tr\/kalite-ve-surdurulebilirlik\/","title":{"rendered":"Kalite ve S\u00fcrd\u00fcr\u00fclebilirlik"},"content":{"rendered":"\t\t<div data-elementor-type=\"wp-page\" data-elementor-id=\"6613\" class=\"elementor elementor-6613 elementor-309\" data-elementor-post-type=\"page\">\n\t\t\t\t\t\t<section class=\"elementor-section elementor-top-section elementor-element elementor-element-aaa9031 wd-section-stretch-content elementor-section-boxed elementor-section-height-default elementor-section-height-default\" data-id=\"aaa9031\" data-element_type=\"section\" data-e-type=\"section\" data-settings=\"{&quot;background_background&quot;:&quot;classic&quot;}\">\n\t\t\t\t\t\t<div class=\"elementor-container elementor-column-gap-default\">\n\t\t\t\t\t<div class=\"elementor-column elementor-col-100 elementor-top-column elementor-element elementor-element-6d7bb26\" data-id=\"6d7bb26\" data-element_type=\"column\" data-e-type=\"column\" data-settings=\"{&quot;background_background&quot;:&quot;classic&quot;}\">\n\t\t\t<div class=\"elementor-widget-wrap elementor-element-populated\">\n\t\t\t\t\t\t<div class=\"elementor-element elementor-element-50603d2 elementor-widget elementor-widget-heading\" data-id=\"50603d2\" data-element_type=\"widget\" data-e-type=\"widget\" data-widget_type=\"heading.default\">\n\t\t\t\t\t<h1 class=\"elementor-heading-title elementor-size-default\">Kalite ve S\u00fcrd\u00fcr\u00fclebilirlik<\/h1>\t\t\t\t<\/div>\n\t\t\t\t<div class=\"elementor-element elementor-element-8e5865a elementor-widget elementor-widget-heading\" data-id=\"8e5865a\" data-element_type=\"widget\" data-e-type=\"widget\" data-widget_type=\"heading.default\">\n\t\t\t\t\t<h2 class=\"elementor-heading-title elementor-size-default\">Kalite ve S\u00fcrd\u00fcr\u00fclebilirli\u011fe Ba\u011fl\u0131l\u0131k<\/h2>\t\t\t\t<\/div>\n\t\t\t\t<div class=\"elementor-element elementor-element-68da3aa color-scheme-inherit text-left elementor-widget elementor-widget-text-editor\" data-id=\"68da3aa\" data-element_type=\"widget\" data-e-type=\"widget\" data-widget_type=\"text-editor.default\">\n\t\t\t\t\t\t\t\t\t<p>Pedi\u0307de \u015ei\u0307mi\u0307 Cem \u015eirketi, kimyasal hammadde \u00fcretiminde yirmi y\u0131l\u0131 a\u015fk\u0131n tecr\u00fcbesiyle, her zaman kaliteyi ve s\u00fcrd\u00fcr\u00fclebilirli\u011fi faaliyetlerinin iki temel ilkesi olarak benimsemi\u015ftir. \u015eirket, modern teknolojileri kullanarak ve uluslararas\u0131 standartlara uyarak, y\u00fcksek kaliteli ve \u00e7evre dostu \u00fcr\u00fcnler sunmay\u0131 hedeflemektedir. <\/p>\t\t\t\t\t\t\t\t<\/div>\n\t\t\t\t\t<\/div>\n\t\t<\/div>\n\t\t\t\t\t<\/div>\n\t\t<\/section>\n\t\t\t\t<section class=\"elementor-section elementor-top-section elementor-element elementor-element-577e86a about-single-tak elementor-section-boxed elementor-section-height-default elementor-section-height-default\" data-id=\"577e86a\" data-element_type=\"section\" data-e-type=\"section\" data-settings=\"{&quot;background_background&quot;:&quot;classic&quot;}\">\n\t\t\t\t\t\t<div class=\"elementor-container elementor-column-gap-default\">\n\t\t\t\t\t<div class=\"elementor-column elementor-col-100 elementor-top-column elementor-element elementor-element-168a5f9\" data-id=\"168a5f9\" data-element_type=\"column\" data-e-type=\"column\" data-settings=\"{&quot;background_background&quot;:&quot;classic&quot;}\">\n\t\t\t<div class=\"elementor-widget-wrap elementor-element-populated\">\n\t\t\t\t\t\t<div class=\"elementor-element elementor-element-de43173 elementor-widget elementor-widget-heading\" data-id=\"de43173\" data-element_type=\"widget\" data-e-type=\"widget\" data-widget_type=\"heading.default\">\n\t\t\t\t\t<h2 class=\"elementor-heading-title elementor-size-default\">\u00dcretim s\u00fcrecinde kalite<\/h2>\t\t\t\t<\/div>\n\t\t\t\t<div class=\"elementor-element elementor-element-877fcc9 elementor-widget elementor-widget-heading\" data-id=\"877fcc9\" data-element_type=\"widget\" data-e-type=\"widget\" data-widget_type=\"heading.default\">\n\t\t\t\t\t<h3 class=\"elementor-heading-title elementor-size-default\">Kaliteli hammadde kullan\u0131m\u0131<\/h3>\t\t\t\t<\/div>\n\t\t\t\t<div class=\"elementor-element elementor-element-a7acc7f color-scheme-inherit text-left elementor-widget elementor-widget-text-editor\" data-id=\"a7acc7f\" data-element_type=\"widget\" data-e-type=\"widget\" data-widget_type=\"text-editor.default\">\n\t\t\t\t\t\t\t\t\t<p>Pedi\u0307de \u015ei\u0307mi\u0307 Cem, hammadde se\u00e7iminde titizlik g\u00f6stererek, \u00fcr\u00fcnlerini \u00fcretmek i\u00e7in g\u00fcvenilir ve kaliteli kaynaklardan yararlanmaktad\u0131r. Bu yakla\u015f\u0131m, nihai \u00fcr\u00fcnlerin y\u00fcksek performans ve g\u00fcvenilirli\u011fe sahip olmas\u0131n\u0131 sa\u011flamaktad\u0131r. <\/p>\t\t\t\t\t\t\t\t<\/div>\n\t\t\t\t<div class=\"elementor-element elementor-element-cec4dbd elementor-widget elementor-widget-heading\" data-id=\"cec4dbd\" data-element_type=\"widget\" data-e-type=\"widget\" data-widget_type=\"heading.default\">\n\t\t\t\t\t<h3 class=\"elementor-heading-title elementor-size-default\">S\u00fcrekli kalite kontrol\u00fc<\/h3>\t\t\t\t<\/div>\n\t\t\t\t<div class=\"elementor-element elementor-element-5cee6a6 color-scheme-inherit text-left elementor-widget elementor-widget-text-editor\" data-id=\"5cee6a6\" data-element_type=\"widget\" data-e-type=\"widget\" data-widget_type=\"text-editor.default\">\n\t\t\t\t\t\t\t\t\t<p>Pedi\u0307de \u015ei\u0307mi\u0307 Cem\u2019de \u00fcretim s\u00fcre\u00e7leri, kalite kontrol birimi taraf\u0131ndan titizlikle denetlenmektedir. Bu birim, geli\u015fmi\u015f ekipmanlar kullanarak \u00fcr\u00fcnlerin kalitesini s\u00fcrekli olarak de\u011ferlendirmekte ve garanti etmektedir <\/p>\t\t\t\t\t\t\t\t<\/div>\n\t\t\t\t\t<\/div>\n\t\t<\/div>\n\t\t\t\t\t<\/div>\n\t\t<\/section>\n\t\t\t\t<section class=\"elementor-section elementor-top-section elementor-element elementor-element-ccb5629 about-single-tak elementor-section-boxed elementor-section-height-default elementor-section-height-default\" data-id=\"ccb5629\" data-element_type=\"section\" data-e-type=\"section\" data-settings=\"{&quot;background_background&quot;:&quot;classic&quot;}\">\n\t\t\t\t\t\t<div class=\"elementor-container elementor-column-gap-default\">\n\t\t\t\t\t<div class=\"elementor-column elementor-col-100 elementor-top-column elementor-element elementor-element-ba1c5b5\" data-id=\"ba1c5b5\" data-element_type=\"column\" data-e-type=\"column\" data-settings=\"{&quot;background_background&quot;:&quot;classic&quot;}\">\n\t\t\t<div class=\"elementor-widget-wrap elementor-element-populated\">\n\t\t\t\t\t\t<div class=\"elementor-element elementor-element-e8d2dd3 elementor-widget elementor-widget-heading\" data-id=\"e8d2dd3\" data-element_type=\"widget\" data-e-type=\"widget\" data-widget_type=\"heading.default\">\n\t\t\t\t\t<h2 class=\"elementor-heading-title elementor-size-default\">S\u00fcrd\u00fcr\u00fclebilirlik ve \u00e7evre koruma<\/h2>\t\t\t\t<\/div>\n\t\t\t\t<div class=\"elementor-element elementor-element-da224d1 elementor-widget elementor-widget-heading\" data-id=\"da224d1\" data-element_type=\"widget\" data-e-type=\"widget\" data-widget_type=\"heading.default\">\n\t\t\t\t\t<h3 class=\"elementor-heading-title elementor-size-default\">Biyobozunur \u00fcr\u00fcnlerin \u00fcretimi<\/h3>\t\t\t\t<\/div>\n\t\t\t\t<div class=\"elementor-element elementor-element-fe33a59 color-scheme-inherit text-left elementor-widget elementor-widget-text-editor\" data-id=\"fe33a59\" data-element_type=\"widget\" data-e-type=\"widget\" data-widget_type=\"text-editor.default\">\n\t\t\t\t\t\t\t\t\t<p>Pedi\u0307de \u015ei\u0307mi\u0307 Cem\u2019in hedeflerinden biri, \u00e7evre \u00fczerinde en az etkiye sahip biyolojik olarak par\u00e7alanabilir \u00fcr\u00fcnler geli\u015ftirmektir. \u015eirket, s\u00fcrd\u00fcr\u00fclebilir form\u00fclasyonlar konusunda ara\u015ft\u0131rma ve geli\u015ftirme \u00e7al\u0131\u015fmalar\u0131yla bu alanda \u00f6nemli ad\u0131mlar atm\u0131\u015ft\u0131r. <\/p>\t\t\t\t\t\t\t\t<\/div>\n\t\t\t\t<div class=\"elementor-element elementor-element-af07ef1 elementor-widget elementor-widget-heading\" data-id=\"af07ef1\" data-element_type=\"widget\" data-e-type=\"widget\" data-widget_type=\"heading.default\">\n\t\t\t\t\t<h3 class=\"elementor-heading-title elementor-size-default\">At\u0131k y\u00f6netimi ve kaynaklar\u0131n optimum kullan\u0131m\u0131<\/h3>\t\t\t\t<\/div>\n\t\t\t\t<div class=\"elementor-element elementor-element-dd9a291 color-scheme-inherit text-left elementor-widget elementor-widget-text-editor\" data-id=\"dd9a291\" data-element_type=\"widget\" data-e-type=\"widget\" data-widget_type=\"text-editor.default\">\n\t\t\t\t\t\t\t\t\t<p>Pedi\u0307de \u015ei\u0307mi\u0307 Cem, at\u0131k y\u00f6netimi programlar\u0131 uygulayarak ve kaynak kullan\u0131m\u0131n\u0131 optimize ederek, faaliyetlerinin \u00e7evresel etkilerini en aza indirmeye \u00e7al\u0131\u015fmaktad\u0131r. Bu \u00f6nlemler, malzemelerin geri d\u00f6n\u00fc\u015ft\u00fcr\u00fclmesi, enerji t\u00fcketiminin azalt\u0131lmas\u0131 ve suyun verimli kullan\u0131m\u0131 gibi uygulamalar\u0131 kapsamaktad\u0131r. <\/p>\t\t\t\t\t\t\t\t<\/div>\n\t\t\t\t\t<\/div>\n\t\t<\/div>\n\t\t\t\t\t<\/div>\n\t\t<\/section>\n\t\t\t\t<section class=\"elementor-section elementor-top-section elementor-element elementor-element-983a150 about-single-tak elementor-section-boxed elementor-section-height-default elementor-section-height-default\" data-id=\"983a150\" data-element_type=\"section\" data-e-type=\"section\" data-settings=\"{&quot;background_background&quot;:&quot;classic&quot;}\">\n\t\t\t\t\t\t<div class=\"elementor-container elementor-column-gap-default\">\n\t\t\t\t\t<div class=\"elementor-column elementor-col-100 elementor-top-column elementor-element elementor-element-b47d13d\" data-id=\"b47d13d\" data-element_type=\"column\" data-e-type=\"column\" data-settings=\"{&quot;background_background&quot;:&quot;classic&quot;}\">\n\t\t\t<div class=\"elementor-widget-wrap elementor-element-populated\">\n\t\t\t\t\t\t<div class=\"elementor-element elementor-element-d5e6ddf elementor-widget elementor-widget-heading\" data-id=\"d5e6ddf\" data-element_type=\"widget\" data-e-type=\"widget\" data-widget_type=\"heading.default\">\n\t\t\t\t\t<h2 class=\"elementor-heading-title elementor-size-default\">Sosyal sorumluluklar<\/h2>\t\t\t\t<\/div>\n\t\t\t\t<div class=\"elementor-element elementor-element-ef968f1 elementor-widget elementor-widget-heading\" data-id=\"ef968f1\" data-element_type=\"widget\" data-e-type=\"widget\" data-widget_type=\"heading.default\">\n\t\t\t\t\t<h3 class=\"elementor-heading-title elementor-size-default\">\u0130nsan kaynaklar\u0131 geli\u015ftirme<\/h3>\t\t\t\t<\/div>\n\t\t\t\t<div class=\"elementor-element elementor-element-dc7319c color-scheme-inherit text-left elementor-widget elementor-widget-text-editor\" data-id=\"dc7319c\" data-element_type=\"widget\" data-e-type=\"widget\" data-widget_type=\"text-editor.default\">\n\t\t\t\t\t\t\t\t\t<p>\u015eirket, \u00e7al\u0131\u015fanlar\u0131n e\u011fitimine ve beceri geli\u015ftirmelerine yat\u0131r\u0131m yaparak, profesyonel geli\u015fimlerini ve ya\u015fam kalitelerinin y\u00fckselmesini \u00f6nemsemektedir. Bu kapsamda d\u00fczenlenen e\u011fitim programlar\u0131 ve sunulan kariyer ilerleme f\u0131rsatlar\u0131, yap\u0131lan \u00e7al\u0131\u015fmalardan baz\u0131lar\u0131d\u0131r.<br> <br> <br> <\/p>\t\t\t\t\t\t\t\t<\/div>\n\t\t\t\t\t<\/div>\n\t\t<\/div>\n\t\t\t\t\t<\/div>\n\t\t<\/section>\n\t\t\t\t<section class=\"elementor-section elementor-top-section elementor-element elementor-element-63cff9e about-single-tak elementor-section-boxed elementor-section-height-default elementor-section-height-default\" data-id=\"63cff9e\" data-element_type=\"section\" data-e-type=\"section\" data-settings=\"{&quot;background_background&quot;:&quot;classic&quot;}\">\n\t\t\t\t\t\t<div class=\"elementor-container elementor-column-gap-default\">\n\t\t\t\t\t<div class=\"elementor-column elementor-col-100 elementor-top-column elementor-element elementor-element-b426db2\" data-id=\"b426db2\" data-element_type=\"column\" data-e-type=\"column\" data-settings=\"{&quot;background_background&quot;:&quot;classic&quot;}\">\n\t\t\t<div class=\"elementor-widget-wrap elementor-element-populated\">\n\t\t\t\t\t\t<div class=\"elementor-element elementor-element-44bd7f2 elementor-widget elementor-widget-heading\" data-id=\"44bd7f2\" data-element_type=\"widget\" data-e-type=\"widget\" data-widget_type=\"heading.default\">\n\t\t\t\t\t<h2 class=\"elementor-heading-title elementor-size-default\">Yenilik ve Ara\u015ft\u0131rma ve Geli\u015ftirme<\/h2>\t\t\t\t<\/div>\n\t\t\t\t<div class=\"elementor-element elementor-element-0c2911f elementor-widget elementor-widget-heading\" data-id=\"0c2911f\" data-element_type=\"widget\" data-e-type=\"widget\" data-widget_type=\"heading.default\">\n\t\t\t\t\t<h3 class=\"elementor-heading-title elementor-size-default\">Ar-Ge\u2019ye Odaklanma<\/h3>\t\t\t\t<\/div>\n\t\t\t\t<div class=\"elementor-element elementor-element-0e3eb68 color-scheme-inherit text-left elementor-widget elementor-widget-text-editor\" data-id=\"0e3eb68\" data-element_type=\"widget\" data-e-type=\"widget\" data-widget_type=\"text-editor.default\">\n\t\t\t\t\t\t\t\t\t<p>Pedi\u0307de \u015ei\u0307mi\u0307 Cem, Ar-Ge\u2019ye \u00f6nemli kaynaklar ay\u0131rarak, \u00fcr\u00fcn kalitesini art\u0131rmak ve yeni form\u00fclasyonlar geli\u015ftirmek i\u00e7in yenilik\u00e7i \u00e7\u00f6z\u00fcmler aramaktad\u0131r. Bu \u00e7abalar, daha iyi performans g\u00f6steren ve \u00e7evreyle uyumlu \u00fcr\u00fcnlerin \u00fcretilmesini sa\u011flam\u0131\u015ft\u0131r. <\/p>\t\t\t\t\t\t\t\t<\/div>\n\t\t\t\t<div class=\"elementor-element elementor-element-0450de0 elementor-widget elementor-widget-heading\" data-id=\"0450de0\" data-element_type=\"widget\" data-e-type=\"widget\" data-widget_type=\"heading.default\">\n\t\t\t\t\t<h3 class=\"elementor-heading-title elementor-size-default\">Bilimsel Kurumlarla \u0130\u015f Birli\u011fi<\/h3>\t\t\t\t<\/div>\n\t\t\t\t<div class=\"elementor-element elementor-element-fbcc5fe color-scheme-inherit text-left elementor-widget elementor-widget-text-editor\" data-id=\"fbcc5fe\" data-element_type=\"widget\" data-e-type=\"widget\" data-widget_type=\"text-editor.default\">\n\t\t\t\t\t\t\t\t\t<p>\u015eirket, \u00fcniversiteler ve ara\u015ft\u0131rma merkezleri ile i\u015f birli\u011fi yaparak, kimya ve kimya m\u00fchendisli\u011fi alanlar\u0131ndaki en son bilimsel bulgular\u0131 payla\u015fmakta ve bunlardan faydalanmaktad\u0131r. Bu etkile\u015fimler, \u015firketin bilimsel ve teknik seviyesinin y\u00fckselmesine katk\u0131 sa\u011flamaktad\u0131r.<br> <br> <br> <\/p>\t\t\t\t\t\t\t\t<\/div>\n\t\t\t\t<div class=\"elementor-element elementor-element-0198761 elementor-widget elementor-widget-heading\" data-id=\"0198761\" data-element_type=\"widget\" data-e-type=\"widget\" data-widget_type=\"heading.default\">\n\t\t\t\t\t<h3 class=\"elementor-heading-title elementor-size-default\">Sertifikalar ve Standartlar<\/h3>\t\t\t\t<\/div>\n\t\t\t\t<div class=\"elementor-element elementor-element-5ea88c2 color-scheme-inherit text-left elementor-widget elementor-widget-text-editor\" data-id=\"5ea88c2\" data-element_type=\"widget\" data-e-type=\"widget\" data-widget_type=\"text-editor.default\">\n\t\t\t\t\t\t\t\t\t<p>Pedi\u0307de \u015ei\u0307mi\u0307 Cem, uluslararas\u0131 sertifikalar alarak, k\u00fcresel standartlara uyma konusundaki taahh\u00fcd\u00fcn\u00fc g\u00f6stermi\u015ftir. Bu sertifikalar, \u015firketin s\u00fcre\u00e7leri iyile\u015ftirme ve \u00fcr\u00fcn kalitesini koruma konusundaki s\u00fcrekli \u00e7abalar\u0131n\u0131 ortaya koymaktad\u0131r.<br> <br> <br> <\/p>\t\t\t\t\t\t\t\t<\/div>\n\t\t\t\t\t<\/div>\n\t\t<\/div>\n\t\t\t\t\t<\/div>\n\t\t<\/section>\n\t\t\t\t<section class=\"elementor-section elementor-top-section elementor-element elementor-element-d3992a2 about-single-tak elementor-section-boxed elementor-section-height-default elementor-section-height-default\" data-id=\"d3992a2\" data-element_type=\"section\" data-e-type=\"section\" data-settings=\"{&quot;background_background&quot;:&quot;classic&quot;}\">\n\t\t\t\t\t\t<div class=\"elementor-container elementor-column-gap-default\">\n\t\t\t\t\t<div class=\"elementor-column elementor-col-100 elementor-top-column elementor-element elementor-element-38bb501\" data-id=\"38bb501\" data-element_type=\"column\" data-e-type=\"column\" data-settings=\"{&quot;background_background&quot;:&quot;classic&quot;}\">\n\t\t\t<div class=\"elementor-widget-wrap elementor-element-populated\">\n\t\t\t\t\t\t<div class=\"elementor-element elementor-element-55d1d44 color-scheme-inherit text-left elementor-widget elementor-widget-text-editor\" data-id=\"55d1d44\" data-element_type=\"widget\" data-e-type=\"widget\" data-widget_type=\"text-editor.default\">\n\t\t\t\t\t\t\t\t\t<p>Pedi\u0307de \u015ei\u0307mi\u0307 Cem, kaliteye, s\u00fcrd\u00fcr\u00fclebilirli\u011fe ve sosyal sorumluluklara odaklanmas\u0131yla, \u0130ran kimya end\u00fcstrisinde \u00f6nc\u00fc \u015firketlerden biri olarak tan\u0131nmaktad\u0131r. \u015eirket, modern teknolojileri kullanarak, uluslararas\u0131 standartlara uyarak ve s\u00fcrd\u00fcr\u00fclebilir kalk\u0131nmaya \u00f6nem vererek, ya\u015fam kalitesini art\u0131rma ve \u00e7evreyi koruma konusunda etkili bir rol oynamay\u0131 hedeflemektedir.<br> <br> <br> <\/p>\t\t\t\t\t\t\t\t<\/div>\n\t\t\t\t\t<\/div>\n\t\t<\/div>\n\t\t\t\t\t<\/div>\n\t\t<\/section>\n\t\t\t\t<\/div>\n\t\t","protected":false},"excerpt":{"rendered":"<p>Kalite ve S\u00fcrd\u00fcr\u00fclebilirlik Kalite ve S\u00fcrd\u00fcr\u00fclebilirli\u011fe Ba\u011fl\u0131l\u0131k Pedi\u0307de \u015ei\u0307mi\u0307 Cem \u015eirketi, kimyasal hammadde \u00fcretiminde yirmi y\u0131l\u0131 a\u015fk\u0131n tecr\u00fcbesiyle, her zaman<\/p>\n","protected":false},"author":1,"featured_media":0,"parent":0,"menu_order":0,"comment_status":"closed","ping_status":"closed","template":"","meta":{"_acf_changed":false,"footnotes":""},"class_list":["post-6613","page","type-page","status-publish","hentry"],"acf":[],"_links":{"self":[{"href":"https:\/\/padidehshimi.com\/tr\/wp-json\/wp\/v2\/pages\/6613","targetHints":{"allow":["GET"]}}],"collection":[{"href":"https:\/\/padidehshimi.com\/tr\/wp-json\/wp\/v2\/pages"}],"about":[{"href":"https:\/\/padidehshimi.com\/tr\/wp-json\/wp\/v2\/types\/page"}],"author":[{"embeddable":true,"href":"https:\/\/padidehshimi.com\/tr\/wp-json\/wp\/v2\/users\/1"}],"replies":[{"embeddable":true,"href":"https:\/\/padidehshimi.com\/tr\/wp-json\/wp\/v2\/comments?post=6613"}],"version-history":[{"count":0,"href":"https:\/\/padidehshimi.com\/tr\/wp-json\/wp\/v2\/pages\/6613\/revisions"}],"wp:attachment":[{"href":"https:\/\/padidehshimi.com\/tr\/wp-json\/wp\/v2\/media?parent=6613"}],"curies":[{"name":"wp","href":"https:\/\/api.w.org\/{rel}","templated":true}]}}