{"id":6828,"date":"2024-09-28T12:29:15","date_gmt":"2024-09-28T08:59:15","guid":{"rendered":"https:\/\/padidehshimi.com\/hakkimizda\/"},"modified":"2025-12-08T09:41:38","modified_gmt":"2025-12-08T06:11:38","slug":"hakkimizda","status":"publish","type":"page","link":"https:\/\/padidehshimi.com\/tr\/hakkimizda\/","title":{"rendered":"Hakk\u0131m\u0131zda"},"content":{"rendered":"\t\t<div data-elementor-type=\"wp-page\" data-elementor-id=\"6828\" class=\"elementor elementor-6828 elementor-134\" data-elementor-post-type=\"page\">\n\t\t\t\t\t\t<section class=\"elementor-section elementor-top-section elementor-element elementor-element-159796d wd-section-stretch-content elementor-section-boxed elementor-section-height-default elementor-section-height-default\" data-id=\"159796d\" data-element_type=\"section\" data-e-type=\"section\" data-settings=\"{&quot;background_background&quot;:&quot;classic&quot;}\">\n\t\t\t\t\t\t<div class=\"elementor-container elementor-column-gap-default\">\n\t\t\t\t\t<div class=\"elementor-column elementor-col-100 elementor-top-column elementor-element elementor-element-4780dc6\" data-id=\"4780dc6\" data-element_type=\"column\" data-e-type=\"column\" data-settings=\"{&quot;background_background&quot;:&quot;classic&quot;}\">\n\t\t\t<div class=\"elementor-widget-wrap elementor-element-populated\">\n\t\t\t\t\t\t<div class=\"elementor-element elementor-element-570a0a0 elementor-widget elementor-widget-heading\" data-id=\"570a0a0\" data-element_type=\"widget\" data-e-type=\"widget\" data-widget_type=\"heading.default\">\n\t\t\t\t\t<h3 class=\"elementor-heading-title elementor-size-default\">Padeideh Shimi Jam Hakk\u0131nda\n<\/h3>\t\t\t\t<\/div>\n\t\t\t\t\t<\/div>\n\t\t<\/div>\n\t\t\t\t\t<\/div>\n\t\t<\/section>\n\t\t\t\t<section class=\"elementor-section elementor-top-section elementor-element elementor-element-6018f58 about-single-tak elementor-section-boxed elementor-section-height-default elementor-section-height-default\" data-id=\"6018f58\" data-element_type=\"section\" data-e-type=\"section\" data-settings=\"{&quot;background_background&quot;:&quot;classic&quot;}\">\n\t\t\t\t\t\t<div class=\"elementor-container elementor-column-gap-default\">\n\t\t\t\t\t<div class=\"elementor-column elementor-col-100 elementor-top-column elementor-element elementor-element-a0f5ec4\" data-id=\"a0f5ec4\" data-element_type=\"column\" data-e-type=\"column\" data-settings=\"{&quot;background_background&quot;:&quot;classic&quot;}\">\n\t\t\t<div class=\"elementor-widget-wrap elementor-element-populated\">\n\t\t\t\t\t\t<div class=\"elementor-element elementor-element-70feb16 elementor-widget elementor-widget-heading\" data-id=\"70feb16\" data-element_type=\"widget\" data-e-type=\"widget\" data-widget_type=\"heading.default\">\n\t\t\t\t\t<h3 class=\"elementor-heading-title elementor-size-default\">Faaliyet Alanlar\u0131<\/h3>\t\t\t\t<\/div>\n\t\t\t\t<div class=\"elementor-element elementor-element-b92e10d color-scheme-inherit text-left elementor-widget elementor-widget-text-editor\" data-id=\"b92e10d\" data-element_type=\"widget\" data-e-type=\"widget\" data-widget_type=\"text-editor.default\">\n\t\t\t\t\t\t\t\t\t<p style=\"text-align: justify;\">A\u015fa\u011f\u0131daki alanlarda kullan\u0131lan hammaddelerin \u00fcreticisi:<\/p><div class=\"su-list\"><ul><li style=\"text-align: justify;\"><i class=\"sui sui-check-square-o\"><\/i>Deterjan, kozmetik ve ki\u015fisel bak\u0131m end\u00fcstrileri<\/li><li style=\"text-align: justify;\"><i class=\"sui sui-check-square-o\"><\/i>\u0130la\u00e7 end\u00fcstrisi<\/li><li style=\"text-align: justify;\"><i class=\"sui sui-check-square-o\"><\/i>G\u0131da end\u00fcstrisi<\/li><li style=\"text-align: justify;\"><i class=\"sui sui-check-square-o\"><\/i>Petrol, gaz ve petrokimya end\u00fcstrileri<\/li><li style=\"text-align: justify;\"><i class=\"sui sui-check-square-o\"><\/i>Tekstil end\u00fcstrisi<\/li><li style=\"text-align: justify;\"><i class=\"sui sui-check-square-o\"><\/i>Pazar ihtiya\u00e7lar\u0131na g\u00f6re yeni \u00fcr\u00fcnlerin ara\u015ft\u0131rma ve geli\u015ftirilmesi, deneyimli uzmanlar ve donan\u0131ml\u0131 laboratuvarlardan yararlanarak<\/li><li style=\"text-align: justify;\"><i class=\"sui sui-check-square-o\"><\/i>\u00c7e\u015fitli \u00fcretim alanlar\u0131nda dan\u0131\u015fmanl\u0131k, denetim, ara\u015ft\u0131rma, planlama ve uygulama<\/li><li style=\"text-align: justify;\"><i class=\"sui sui-check-square-o\"><\/i>Sat\u0131\u015f m\u00fchendisli\u011fi hizmetleri sunma<\/li><\/ul><\/div>\t\t\t\t\t\t\t\t<\/div>\n\t\t\t\t\t<\/div>\n\t\t<\/div>\n\t\t\t\t\t<\/div>\n\t\t<\/section>\n\t\t\t\t<section class=\"elementor-section elementor-top-section elementor-element elementor-element-248707c about-single-tak elementor-section-boxed elementor-section-height-default elementor-section-height-default\" data-id=\"248707c\" data-element_type=\"section\" data-e-type=\"section\" data-settings=\"{&quot;background_background&quot;:&quot;classic&quot;}\">\n\t\t\t\t\t\t<div class=\"elementor-container elementor-column-gap-default\">\n\t\t\t\t\t<div class=\"elementor-column elementor-col-100 elementor-top-column elementor-element elementor-element-9c84038\" data-id=\"9c84038\" data-element_type=\"column\" data-e-type=\"column\" data-settings=\"{&quot;background_background&quot;:&quot;classic&quot;}\">\n\t\t\t<div class=\"elementor-widget-wrap elementor-element-populated\">\n\t\t\t\t\t\t<div class=\"elementor-element elementor-element-c6819ef elementor-widget elementor-widget-heading\" data-id=\"c6819ef\" data-element_type=\"widget\" data-e-type=\"widget\" data-widget_type=\"heading.default\">\n\t\t\t\t\t<h3 class=\"elementor-heading-title elementor-size-default\">Tarih\u00e7e<\/h3>\t\t\t\t<\/div>\n\t\t\t\t<div class=\"elementor-element elementor-element-a4d54bf color-scheme-inherit text-left elementor-widget elementor-widget-text-editor\" data-id=\"a4d54bf\" data-element_type=\"widget\" data-e-type=\"widget\" data-widget_type=\"text-editor.default\">\n\t\t\t\t\t\t\t\t\t<p style=\"text-align: justify;\">Padeideh Shimi Jam, \u0130ran\u2019da deterjan, kozmetik ve ki\u015fisel bak\u0131m end\u00fcstrileri i\u00e7in hammaddeler \u00fcreten \u00f6nde gelen \u015firketlerden biri olarak ba\u015far\u0131l\u0131 ve zengin bir tarihe sahiptir. \u015eirket, yerli yeteneklere g\u00fc\u00e7l\u00fc bir inan\u00e7la ve deneyim ile uzmanl\u0131\u011f\u0131n\u0131 kullanarak s\u00fcrekli olarak geli\u015fim ve b\u00fcy\u00fcme g\u00f6stermektedir. <\/p><p style=\"text-align: justify;\"><strong>1379: Kurulu\u015f ve \u0130lk B\u00fcy\u00fcme<\/strong><\/p><p style=\"text-align: justify;\">Padeideh Shimi Jam, 1379 y\u0131l\u0131nda &#8220;Padeideh Shimi Nili&#8221; ad\u0131yla ve Golrang End\u00fcstri Grubu Holding yat\u0131r\u0131m\u0131yla kuruldu. Bu d\u00f6nemde \u015firket, deterjan ve ki\u015fisel bak\u0131m end\u00fcstrileri i\u00e7in hammaddeler \u00fcretmeye odaklanarak faaliyetlerine ba\u015flad\u0131. Yerli yetenekler ve kapasite sayesinde \u015firket, k\u0131sa s\u00fcrede i\u00e7 pazarda b\u00fcy\u00fcd\u00fc ve bu sekt\u00f6rde \u00f6nde gelen \u00fcreticilerden biri olarak tan\u0131nd\u0131.  <\/p><p style=\"text-align: justify;\"><strong>1392: Geni\u015fleme ve Geli\u015fim<\/strong><\/p><p style=\"text-align: justify;\">&#8220;Padeideh Shimi Nili&#8221; ad\u0131 &#8220;Padeideh Shimi Jam&#8221; olarak de\u011fi\u015ftirildi ve artan pazar talebi ile m\u00fc\u015fteri ihtiya\u00e7lar\u0131 do\u011frultusunda yeni \u00fcr\u00fcn \u00fcretimine ba\u015fland\u0131, b\u00f6ylece \u0130ran\u2019\u0131n deterjan ve ki\u015fisel bak\u0131m end\u00fcstrisi pazar\u0131nda daha g\u00fc\u00e7l\u00fc bir varl\u0131k elde edildi. Ayr\u0131ca, bu d\u00f6nemde \u015firket, \u00fcr\u00fcnlerini \u00fcretirken uluslararas\u0131 standartlar\u0131 uygulamaya odakland\u0131 ve bu alanda kayda de\u011fer ba\u015far\u0131lar elde etti. <\/p><p style=\"text-align: justify;\"><strong>Liderlik ve S\u00fcrekli Geli\u015fim<\/strong><\/p><p style=\"text-align: justify;\">Bilim temelli Padeideh Shimi Jam, \u0130ran\u2019da deterjan, kozmetik ve ki\u015fisel bak\u0131m end\u00fcstrileri i\u00e7in hammaddeler sekt\u00f6r\u00fcnde lider konumuna ula\u015ft\u0131. \u0130leri teknoloji ve birikmi\u015f deneyimlerden yararlanarak y\u00fcksek kaliteli ve daha verimli \u00fcr\u00fcnler \u00fcretti ve i\u00e7 ve d\u0131\u015f pazarlar\u0131 etkin \u015fekilde kar\u015f\u0131lad\u0131. Ayr\u0131ca, \u015firket bu d\u00f6nemde m\u00fc\u015fteriler ve ticari ortaklarla uzun vadeli ili\u015fkiler geli\u015ftirmeye odakland\u0131 ve uluslararas\u0131 i\u015fbirliklerini geni\u015fletti.  <\/p><p style=\"text-align: justify;\"><strong>1401: Zanjan \u00dcretim Tesisinin Kurulmas\u0131<\/strong><\/p><p style=\"text-align: justify;\">\u015eirket, en yeni d\u00fcnya teknolojilerini kullanma, uzman kadro, ileri laboratuvarlar ve deneyimli Ar-Ge birimi gibi y\u00f6netimsel yetkinliklerinden yararlanarak, Eshtehard Sanayi Sitesi\u2019ndeki \u00fcretim tesisine ek olarak Zanjan\u2019da ikinci \u00fcretim tesisini a\u00e7t\u0131. B\u00f6ylece \u0130ran\u2019da deterjan, kozmetik ve ki\u015fisel bak\u0131m, g\u0131da, petrol ve gaz, petrokimya ve tekstil end\u00fcstrileri i\u00e7in hammaddelerin en b\u00fcy\u00fck \u00fcreticilerinden biri olmay\u0131 hedefledi.<\/p><p style=\"text-align: justify;\">Bug\u00fcn, Padeideh Shimi Jam, ba\u015far\u0131l\u0131 ve zengin bir ge\u00e7mi\u015fe sahip olman\u0131n gururunu ya\u015f\u0131yor. \u015eirket, yerli yeteneklere g\u00fc\u00e7l\u00fc bir inan\u00e7la ve deneyim ile uzmanl\u0131\u011f\u0131n\u0131 kullanarak s\u00fcrekli olarak geli\u015fim ve b\u00fcy\u00fcmesini s\u00fcrd\u00fcrecektir. <\/p>\t\t\t\t\t\t\t\t<\/div>\n\t\t\t\t\t<\/div>\n\t\t<\/div>\n\t\t\t\t\t<\/div>\n\t\t<\/section>\n\t\t\t\t<section class=\"elementor-section elementor-top-section elementor-element elementor-element-3184f64 about-single-tak elementor-section-boxed elementor-section-height-default elementor-section-height-default\" data-id=\"3184f64\" data-element_type=\"section\" data-e-type=\"section\" data-settings=\"{&quot;background_background&quot;:&quot;classic&quot;}\">\n\t\t\t\t\t\t<div class=\"elementor-container elementor-column-gap-default\">\n\t\t\t\t\t<div class=\"elementor-column elementor-col-100 elementor-top-column elementor-element elementor-element-9b2e1e3\" data-id=\"9b2e1e3\" data-element_type=\"column\" data-e-type=\"column\" data-settings=\"{&quot;background_background&quot;:&quot;classic&quot;}\">\n\t\t\t<div class=\"elementor-widget-wrap elementor-element-populated\">\n\t\t\t\t\t\t<div class=\"elementor-element elementor-element-296ad90 elementor-widget elementor-widget-heading\" data-id=\"296ad90\" data-element_type=\"widget\" data-e-type=\"widget\" data-widget_type=\"heading.default\">\n\t\t\t\t\t<h3 class=\"elementor-heading-title elementor-size-default\">Misyon<\/h3>\t\t\t\t<\/div>\n\t\t\t\t<div class=\"elementor-element elementor-element-c52c82e color-scheme-inherit text-left elementor-widget elementor-widget-text-editor\" data-id=\"c52c82e\" data-element_type=\"widget\" data-e-type=\"widget\" data-widget_type=\"text-editor.default\">\n\t\t\t\t\t\t\t\t\t<p style=\"text-align: justify;\">Bilim temelli Padeideh Shimi Jam \u015firketi olarak, en yeni teknolojilere, uzman ve deneyimli bir kadroya ve ileri laboratuvarlara sahip olarak, \u00fclke ve b\u00f6lgenin ihtiya\u00e7lar\u0131n\u0131 kar\u015f\u0131lamak amac\u0131yla; deterjan, kozmetik ve ki\u015fisel bak\u0131m, petrol, gaz, petrokimya, tekstil, boya ve re\u00e7ine, seramik ve fayans, tar\u0131m ila\u00e7lar\u0131, plastik, kau\u00e7uk ve g\u0131da end\u00fcstrileri i\u00e7in hammaddeler alan\u0131nda yerli \u00fcretimi art\u0131rmay\u0131 ve \u00fclkeyi bu alanda b\u00f6lgesel bir merkez haline getirmeyi hedefliyoruz.<\/p><p style=\"text-align: justify;\">Gelecekteki hedeflere ula\u015fmada bilim ve teknolojiye, organizasyonun yeteneklerine ve m\u00fc\u015fteriler ile ticari ortaklarla etkile\u015fime inanc\u0131m\u0131z tamd\u0131r. Ayr\u0131ca, sosyal sorumluluk ve \u00e7evre koruma bilinciyle, s\u00fcrekli b\u00fcy\u00fcme ve geli\u015fim sayesinde, b\u00f6lgedeki deterjan, kozmetik ve ki\u015fisel bak\u0131m hammaddeleriyle ilgili sekt\u00f6rlerde lider konuma ula\u015faca\u011f\u0131z. <\/p>\t\t\t\t\t\t\t\t<\/div>\n\t\t\t\t\t<\/div>\n\t\t<\/div>\n\t\t\t\t\t<\/div>\n\t\t<\/section>\n\t\t\t\t<section class=\"elementor-section elementor-top-section elementor-element elementor-element-42c3574 about-single-tak elementor-section-boxed elementor-section-height-default elementor-section-height-default\" data-id=\"42c3574\" data-element_type=\"section\" data-e-type=\"section\" data-settings=\"{&quot;background_background&quot;:&quot;classic&quot;}\">\n\t\t\t\t\t\t<div class=\"elementor-container elementor-column-gap-default\">\n\t\t\t\t\t<div class=\"elementor-column elementor-col-100 elementor-top-column elementor-element elementor-element-fab9973\" data-id=\"fab9973\" data-element_type=\"column\" data-e-type=\"column\" data-settings=\"{&quot;background_background&quot;:&quot;classic&quot;}\">\n\t\t\t<div class=\"elementor-widget-wrap elementor-element-populated\">\n\t\t\t\t\t\t<div class=\"elementor-element elementor-element-72f8279 elementor-widget elementor-widget-heading\" data-id=\"72f8279\" data-element_type=\"widget\" data-e-type=\"widget\" data-widget_type=\"heading.default\">\n\t\t\t\t\t<h3 class=\"elementor-heading-title elementor-size-default\">Vizyon<\/h3>\t\t\t\t<\/div>\n\t\t\t\t<div class=\"elementor-element elementor-element-34e4677 color-scheme-inherit text-left elementor-widget elementor-widget-text-editor\" data-id=\"34e4677\" data-element_type=\"widget\" data-e-type=\"widget\" data-widget_type=\"text-editor.default\">\n\t\t\t\t\t\t\t\t\t<p style=\"text-align: justify;\">Bilim temelli Padeideh Shimi Jam olarak, \u0130ran\u2019da \u00f6nde gelen<a style=\"color: #333333;\" href=\"\/\"> kimyasal hammadde \u00fcreticilerinden<\/a> biri olarak, y\u00fcksek hedeflerimize ula\u015fmak i\u00e7in geni\u015f ve \u00f6nc\u00fc bir vizyon belirledik:<\/p><div class=\"su-list\"><ul><li style=\"text-align: justify;\"><i class=\"sui sui-check-square-o\"><\/i><strong>Sekt\u00f6rde Liderlik:<\/strong> Amac\u0131m\u0131z, \u0130ran ve b\u00f6lgedeki kimyasal hammadde \u00fcretim sekt\u00f6r\u00fcnde lider konumu olu\u015fturmak ve g\u00fc\u00e7lendirmektir. \u0130leri teknolojiler ve uzman, deneyimli bir kadro kullanarak, y\u00fcksek kaliteli ve rekabet\u00e7i \u00fcr\u00fcnler \u00fcretmeye odaklanaca\u011f\u0131z.<\/li><li style=\"text-align: justify;\"><i class=\"sui sui-check-square-o\"><\/i><strong>\u0130novasyon ve Ar-Ge:<\/strong> \u00d6nde gelen bir \u015firket olarak, kimyasal hammadde \u00fcretim sekt\u00f6r\u00fcnde aktif inovasyon ve ara\u015ft\u0131rma-geli\u015ftirme faaliyetlerine ba\u011fl\u0131y\u0131z. Geli\u015fmi\u015f laboratuvarlardan ve bilimsel merkezler ile \u00fcniversitelerle i\u015fbirli\u011finden yararlanarak, y\u00fcksek katma de\u011ferli yeni \u00fcr\u00fcnleri piyasaya sunaca\u011f\u0131z.<\/li><li style=\"text-align: justify;\"><i class=\"sui sui-check-square-o\"><\/i><strong>\u00c7evresel S\u00fcrd\u00fcr\u00fclebilirlik:<\/strong> \u00c7evrenin korunmas\u0131na ve do\u011fan\u0131n s\u00fcrd\u00fcr\u00fclebilirli\u011fine \u00f6nem veriyoruz. \u00dcretim s\u00fcrecinde ye\u015fil teknolojiler ve temiz y\u00f6ntemler kullan\u0131yor, do\u011fal kaynaklar\u0131n verimli kullan\u0131m\u0131na ve \u00e7evresel etkilerin azalt\u0131lmas\u0131na odaklan\u0131yoruz.<\/li><li style=\"text-align: justify;\"><i class=\"sui sui-check-square-o\"><\/i><strong>\u0130hracat ve K\u00fcresel Pazarlarda Varl\u0131k:<\/strong> Amac\u0131m\u0131z ihracat\u0131 geli\u015ftirmek ve k\u00fcresel pazarlarda g\u00fc\u00e7l\u00fc bir varl\u0131k g\u00f6stermektir. Y\u00fcksek kaliteli \u00fcr\u00fcnler \u00fcreterek ve uluslararas\u0131 standartlara uyarak, uluslararas\u0131 kimya sekt\u00f6r\u00fcnde g\u00fc\u00e7l\u00fc bir konum elde etmeyi ve k\u00fcresel pazarlarda kalite ve rekabet g\u00fcc\u00fcn\u00fcn bir sembol\u00fc olarak tan\u0131nmay\u0131 hedefliyoruz.<\/li><li style=\"text-align: justify;\"><i class=\"sui sui-check-square-o\"><\/i><strong>Ekonomik ve Sosyal Geli\u015fim:<\/strong> \u0130stihdam yaratarak ve ilgili sekt\u00f6rleri geli\u015ftirerek, \u00fclke ve b\u00f6lgenin ekonomik ve sosyal b\u00fcy\u00fcmesine katk\u0131da bulunaca\u011f\u0131z. Ayr\u0131ca, yerli \u00fcreticilerle i\u015fbirli\u011fi yaparak ve \u00fclke sanayilerinin ihtiya\u00e7lar\u0131n\u0131 kar\u015f\u0131layarak, d\u0131\u015fa ba\u011f\u0131ml\u0131l\u0131\u011f\u0131 azaltmay\u0131 taahh\u00fct ediyoruz.<\/li><\/ul><p> <\/p><\/div>\t\t\t\t\t\t\t\t<\/div>\n\t\t\t\t\t<\/div>\n\t\t<\/div>\n\t\t\t\t\t<\/div>\n\t\t<\/section>\n\t\t\t\t<section class=\"elementor-section elementor-top-section elementor-element elementor-element-f793264 about-single-tak elementor-section-boxed elementor-section-height-default elementor-section-height-default\" data-id=\"f793264\" data-element_type=\"section\" data-e-type=\"section\" data-settings=\"{&quot;background_background&quot;:&quot;classic&quot;}\">\n\t\t\t\t\t\t<div class=\"elementor-container elementor-column-gap-default\">\n\t\t\t\t\t<div class=\"elementor-column elementor-col-100 elementor-top-column elementor-element elementor-element-c5edd5e\" data-id=\"c5edd5e\" data-element_type=\"column\" data-e-type=\"column\" data-settings=\"{&quot;background_background&quot;:&quot;classic&quot;}\">\n\t\t\t<div class=\"elementor-widget-wrap elementor-element-populated\">\n\t\t\t\t\t\t<div class=\"elementor-element elementor-element-47724ee elementor-widget elementor-widget-heading\" data-id=\"47724ee\" data-element_type=\"widget\" data-e-type=\"widget\" data-widget_type=\"heading.default\">\n\t\t\t\t\t<h3 class=\"elementor-heading-title elementor-size-default\">M\u00fc\u015fteriler<\/h3>\t\t\t\t<\/div>\n\t\t\t\t<div class=\"elementor-element elementor-element-0f12431 color-scheme-inherit text-left elementor-widget elementor-widget-text-editor\" data-id=\"0f12431\" data-element_type=\"widget\" data-e-type=\"widget\" data-widget_type=\"text-editor.default\">\n\t\t\t\t\t\t\t\t\t<p style=\"text-align: justify;\">\u0130ran\u2019da farkl\u0131 derecelerde <a style=\"color: #000000;\" href=\"https:\/\/padidehshimi.com\/en\/glycerin\/\">gliserin <\/a>\u00fcreten en b\u00fcy\u00fck \u00fcretici olarak, yaln\u0131zca i\u00e7 talebi kar\u015f\u0131lay\u0131p \u00fclkeyi bu \u00fcr\u00fcn\u00fc ithal etmeye ba\u011f\u0131ml\u0131 olmaktan kurtarmakla kalmay\u0131p, ayn\u0131 zamanda \u00e7e\u015fitli sekt\u00f6rlerde kullan\u0131m i\u00e7in ihracat f\u0131rsatlar\u0131 yaratmaktan gurur duyuyoruz.<\/p>\t\t\t\t\t\t\t\t<\/div>\n\t\t\t\t\t<\/div>\n\t\t<\/div>\n\t\t\t\t\t<\/div>\n\t\t<\/section>\n\t\t\t\t<\/div>\n\t\t","protected":false},"excerpt":{"rendered":"<p>Padeideh Shimi Jam Hakk\u0131nda Faaliyet Alanlar\u0131 A\u015fa\u011f\u0131daki alanlarda kullan\u0131lan hammaddelerin \u00fcreticisi: Deterjan, kozmetik ve ki\u015fisel bak\u0131m end\u00fcstrileri \u0130la\u00e7 end\u00fcstrisi G\u0131da<\/p>\n","protected":false},"author":1,"featured_media":0,"parent":0,"menu_order":0,"comment_status":"closed","ping_status":"closed","template":"","meta":{"_acf_changed":false,"footnotes":""},"class_list":["post-6828","page","type-page","status-publish","hentry"],"acf":[],"_links":{"self":[{"href":"https:\/\/padidehshimi.com\/tr\/wp-json\/wp\/v2\/pages\/6828","targetHints":{"allow":["GET"]}}],"collection":[{"href":"https:\/\/padidehshimi.com\/tr\/wp-json\/wp\/v2\/pages"}],"about":[{"href":"https:\/\/padidehshimi.com\/tr\/wp-json\/wp\/v2\/types\/page"}],"author":[{"embeddable":true,"href":"https:\/\/padidehshimi.com\/tr\/wp-json\/wp\/v2\/users\/1"}],"replies":[{"embeddable":true,"href":"https:\/\/padidehshimi.com\/tr\/wp-json\/wp\/v2\/comments?post=6828"}],"version-history":[{"count":0,"href":"https:\/\/padidehshimi.com\/tr\/wp-json\/wp\/v2\/pages\/6828\/revisions"}],"wp:attachment":[{"href":"https:\/\/padidehshimi.com\/tr\/wp-json\/wp\/v2\/media?parent=6828"}],"curies":[{"name":"wp","href":"https:\/\/api.w.org\/{rel}","templated":true}]}}