{"id":6833,"date":"2024-09-29T09:12:11","date_gmt":"2024-09-29T05:42:11","guid":{"rendered":"https:\/\/padidehshimi.com\/kalite-ve-surdurulebilirlik\/deger-zinciri\/"},"modified":"2025-12-08T10:16:21","modified_gmt":"2025-12-08T06:46:21","slug":"deger-zinciri","status":"publish","type":"page","link":"https:\/\/padidehshimi.com\/tr\/kalite-ve-surdurulebilirlik\/deger-zinciri\/","title":{"rendered":"De\u011fer Zinciri"},"content":{"rendered":"\t\t<div data-elementor-type=\"wp-page\" data-elementor-id=\"6833\" class=\"elementor elementor-6833 elementor-322\" data-elementor-post-type=\"page\">\n\t\t\t\t\t\t<section class=\"elementor-section elementor-top-section elementor-element elementor-element-716d19d wd-section-stretch-content elementor-section-boxed elementor-section-height-default elementor-section-height-default\" data-id=\"716d19d\" data-element_type=\"section\" data-e-type=\"section\" data-settings=\"{&quot;background_background&quot;:&quot;classic&quot;}\">\n\t\t\t\t\t\t<div class=\"elementor-container elementor-column-gap-default\">\n\t\t\t\t\t<div class=\"elementor-column elementor-col-100 elementor-top-column elementor-element elementor-element-4eeb1f5\" data-id=\"4eeb1f5\" data-element_type=\"column\" data-e-type=\"column\" data-settings=\"{&quot;background_background&quot;:&quot;classic&quot;}\">\n\t\t\t<div class=\"elementor-widget-wrap elementor-element-populated\">\n\t\t\t\t\t\t<div class=\"elementor-element elementor-element-76dcf09 elementor-widget elementor-widget-heading\" data-id=\"76dcf09\" data-element_type=\"widget\" data-e-type=\"widget\" data-widget_type=\"heading.default\">\n\t\t\t\t\t<h1 class=\"elementor-heading-title elementor-size-default\">De\u011fer Zinciri<\/h1>\t\t\t\t<\/div>\n\t\t\t\t<div class=\"elementor-element elementor-element-8d2fd56 color-scheme-inherit text-left elementor-widget elementor-widget-text-editor\" data-id=\"8d2fd56\" data-element_type=\"widget\" data-e-type=\"widget\" data-widget_type=\"text-editor.default\">\n\t\t\t\t\t\t\t\t\t<p>G\u00fcn\u00fcm\u00fczde yaln\u0131zca kaliteli \u00fcr\u00fcn \u00fcretmek yeterli de\u011fildir. \u00d6nde gelen organizasyonlar, kalite ve s\u00fcrd\u00fcr\u00fclebilirli\u011fin de\u011fer zincirinin t\u00fcm a\u015famalar\u0131nda \u2013 hammadde tedarikinden nihai m\u00fc\u015fteriye teslimata kadar \u2013 uygulanmas\u0131 gerekti\u011fini bilirler. Padeideh Shimi Jam, bu sorumlulu\u011fun fark\u0131nda olarak kalite ve s\u00fcrd\u00fcr\u00fclebilirli\u011fi yaln\u0131zca nihai \u00fcr\u00fcnde de\u011fil, organizasyonel s\u00fcre\u00e7lerinin t\u00fcm y\u00f6nlerinde de benimsemi\u015ftir. Bu yakla\u015f\u0131m, \u015firketin \u00fclke ve b\u00f6lgedeki kimya end\u00fcstrilerinde kal\u0131c\u0131 de\u011fer yaratma misyonuyla uyumludur.   <\/p>\t\t\t\t\t\t\t\t<\/div>\n\t\t\t\t\t<\/div>\n\t\t<\/div>\n\t\t\t\t\t<\/div>\n\t\t<\/section>\n\t\t\t\t<section class=\"elementor-section elementor-top-section elementor-element elementor-element-ff2aa7d about-single-tak elementor-section-boxed elementor-section-height-default elementor-section-height-default\" data-id=\"ff2aa7d\" data-element_type=\"section\" data-e-type=\"section\" data-settings=\"{&quot;background_background&quot;:&quot;classic&quot;}\">\n\t\t\t\t\t\t<div class=\"elementor-container elementor-column-gap-default\">\n\t\t\t\t\t<div class=\"elementor-column elementor-col-100 elementor-top-column elementor-element elementor-element-64df8d4\" data-id=\"64df8d4\" data-element_type=\"column\" data-e-type=\"column\" data-settings=\"{&quot;background_background&quot;:&quot;classic&quot;}\">\n\t\t\t<div class=\"elementor-widget-wrap elementor-element-populated\">\n\t\t\t\t\t\t<div class=\"elementor-element elementor-element-11ecf37 elementor-widget elementor-widget-heading\" data-id=\"11ecf37\" data-element_type=\"widget\" data-e-type=\"widget\" data-widget_type=\"heading.default\">\n\t\t\t\t\t<h2 class=\"elementor-heading-title elementor-size-default\">S\u00fcrd\u00fcr\u00fclebilir Hammadde Tedariki<\/h2>\t\t\t\t<\/div>\n\t\t\t\t<div class=\"elementor-element elementor-element-4680026 elementor-widget elementor-widget-heading\" data-id=\"4680026\" data-element_type=\"widget\" data-e-type=\"widget\" data-widget_type=\"heading.default\">\n\t\t\t\t\t<p class=\"elementor-heading-title elementor-size-default\">Sorumlu Tedarik\u00e7i Se\u00e7imi<\/p>\t\t\t\t<\/div>\n\t\t\t\t<div class=\"elementor-element elementor-element-e34cbe9 color-scheme-inherit text-left elementor-widget elementor-widget-text-editor\" data-id=\"e34cbe9\" data-element_type=\"widget\" data-e-type=\"widget\" data-widget_type=\"text-editor.default\">\n\t\t\t\t\t\t\t\t\t<p>Padeideh Shimi Jam, <a style=\"color: #000000;\" href=\"\/\">kimyasal hammadde \u00fcreticisi<\/a> olarak, s\u0131k\u0131 kriterlere g\u00f6re; kalite, \u00e7evre ve mesleki etik konular\u0131nda uluslararas\u0131 sertifikalara sahip tedarik\u00e7ileri se\u00e7mektedir. Bu s\u00fcre\u00e7te, yenilenebilir kaynaklar\u0131 kullanan ve s\u00fcrd\u00fcr\u00fclebilir yakla\u015f\u0131ma sahip tedarik\u00e7iler \u00f6ncelikli olarak de\u011ferlendirilir.<\/p>\t\t\t\t\t\t\t\t<\/div>\n\t\t\t\t<div class=\"elementor-element elementor-element-10ed6ca elementor-widget elementor-widget-heading\" data-id=\"10ed6ca\" data-element_type=\"widget\" data-e-type=\"widget\" data-widget_type=\"heading.default\">\n\t\t\t\t\t<p class=\"elementor-heading-title elementor-size-default\">Hammadde \u0130thalat\u0131nda Karbon Ayak \u0130zinin Azalt\u0131lmas\u0131<\/p>\t\t\t\t<\/div>\n\t\t\t\t<div class=\"elementor-element elementor-element-ace3300 color-scheme-inherit text-left elementor-widget elementor-widget-text-editor\" data-id=\"ace3300\" data-element_type=\"widget\" data-e-type=\"widget\" data-widget_type=\"text-editor.default\">\n\t\t\t\t\t\t\t\t\t<p>Enerji verimlili\u011fi y\u00fcksek deniz ta\u015f\u0131mac\u0131l\u0131\u011f\u0131n\u0131n kullan\u0131lmas\u0131 ve \u00e7evreci lojistik ortaklar\u0131yla i\u015f birli\u011fi yap\u0131lmas\u0131, tedarik a\u015famas\u0131nda \u00e7evresel ayak izini azaltma stratejisinin \u00f6nemli bir par\u00e7as\u0131n\u0131 olu\u015fturmaktad\u0131r.<\/p>\t\t\t\t\t\t\t\t<\/div>\n\t\t\t\t\t<\/div>\n\t\t<\/div>\n\t\t\t\t\t<\/div>\n\t\t<\/section>\n\t\t\t\t<section class=\"elementor-section elementor-top-section elementor-element elementor-element-9137c26 about-single-tak elementor-section-boxed elementor-section-height-default elementor-section-height-default\" data-id=\"9137c26\" data-element_type=\"section\" data-e-type=\"section\" data-settings=\"{&quot;background_background&quot;:&quot;classic&quot;}\">\n\t\t\t\t\t\t<div class=\"elementor-container elementor-column-gap-default\">\n\t\t\t\t\t<div class=\"elementor-column elementor-col-100 elementor-top-column elementor-element elementor-element-0f8825a\" data-id=\"0f8825a\" data-element_type=\"column\" data-e-type=\"column\" data-settings=\"{&quot;background_background&quot;:&quot;classic&quot;}\">\n\t\t\t<div class=\"elementor-widget-wrap elementor-element-populated\">\n\t\t\t\t\t\t<div class=\"elementor-element elementor-element-bae5ce4 elementor-widget elementor-widget-heading\" data-id=\"bae5ce4\" data-element_type=\"widget\" data-e-type=\"widget\" data-widget_type=\"heading.default\">\n\t\t\t\t\t<h2 class=\"elementor-heading-title elementor-size-default\">S\u00fcrd\u00fcr\u00fclebilir \u00dcr\u00fcn Geli\u015ftirme (Sustainable Product Development)<\/h2>\t\t\t\t<\/div>\n\t\t\t\t<div class=\"elementor-element elementor-element-3646ad0 elementor-widget elementor-widget-heading\" data-id=\"3646ad0\" data-element_type=\"widget\" data-e-type=\"widget\" data-widget_type=\"heading.default\">\n\t\t\t\t\t<h3 class=\"elementor-heading-title elementor-size-default\">\u00c7evresel Yakla\u015f\u0131mla Tasar\u0131m<\/h3>\t\t\t\t<\/div>\n\t\t\t\t<div class=\"elementor-element elementor-element-dbd60ea color-scheme-inherit text-left elementor-widget elementor-widget-text-editor\" data-id=\"dbd60ea\" data-element_type=\"widget\" data-e-type=\"widget\" data-widget_type=\"text-editor.default\">\n\t\t\t\t\t\t\t\t\t<p>Ar-Ge ekibimiz, g\u00fcn\u00fcm\u00fcz\u00fcn en geli\u015fmi\u015f teknolojilerinden yararlanarak \u00e7evreyle uyumlu, biyolojik olarak par\u00e7alanabilir ve do\u011fal kaynaklar \u00fczerinde minimum yan etkiye sahip form\u00fclasyonlar geli\u015ftirmektedir. Bu \u00e7al\u0131\u015fmalar, s\u00fcrd\u00fcr\u00fclebilirlik ilkelerine uygun \u00fcr\u00fcnler ortaya koymay\u0131 ve \u00e7evresel etkileri en aza indirmeyi ama\u00e7lamaktad\u0131r.<\/p>\t\t\t\t\t\t\t\t<\/div>\n\t\t\t\t<div class=\"elementor-element elementor-element-8bc136c elementor-widget elementor-widget-heading\" data-id=\"8bc136c\" data-element_type=\"widget\" data-e-type=\"widget\" data-widget_type=\"heading.default\">\n\t\t\t\t\t<h3 class=\"elementor-heading-title elementor-size-default\">\u00dcretimde Su ve Enerji T\u00fcketiminin Azalt\u0131lmas\u0131<\/h3>\t\t\t\t<\/div>\n\t\t\t\t<div class=\"elementor-element elementor-element-6c3f6c7 color-scheme-inherit text-left elementor-widget elementor-widget-text-editor\" data-id=\"6c3f6c7\" data-element_type=\"widget\" data-e-type=\"widget\" data-widget_type=\"text-editor.default\">\n\t\t\t\t\t\t\t\t\t<p>Padeideh Shimi Jam\u2019de \u00fcr\u00fcn geli\u015ftirmede kilit g\u00f6stergelerden biri, su, enerji ve kimyasal maddeler gibi kullan\u0131lan kaynaklar\u0131n azalt\u0131lmas\u0131d\u0131r. Bu yakla\u015f\u0131m yaln\u0131zca maliyetleri d\u00fc\u015f\u00fcrmekle kalmaz, ayn\u0131 zamanda k\u00fcresel s\u00fcrd\u00fcr\u00fclebilirlik standartlar\u0131yla da uyumludur. <\/p>\t\t\t\t\t\t\t\t<\/div>\n\t\t\t\t\t<\/div>\n\t\t<\/div>\n\t\t\t\t\t<\/div>\n\t\t<\/section>\n\t\t\t\t<section class=\"elementor-section elementor-top-section elementor-element elementor-element-3a7f962 about-single-tak elementor-section-boxed elementor-section-height-default elementor-section-height-default\" data-id=\"3a7f962\" data-element_type=\"section\" data-e-type=\"section\" data-settings=\"{&quot;background_background&quot;:&quot;classic&quot;}\">\n\t\t\t\t\t\t<div class=\"elementor-container elementor-column-gap-default\">\n\t\t\t\t\t<div class=\"elementor-column elementor-col-100 elementor-top-column elementor-element elementor-element-966939d\" data-id=\"966939d\" data-element_type=\"column\" data-e-type=\"column\" data-settings=\"{&quot;background_background&quot;:&quot;classic&quot;}\">\n\t\t\t<div class=\"elementor-widget-wrap elementor-element-populated\">\n\t\t\t\t\t\t<div class=\"elementor-element elementor-element-db49d6e elementor-widget elementor-widget-heading\" data-id=\"db49d6e\" data-element_type=\"widget\" data-e-type=\"widget\" data-widget_type=\"heading.default\">\n\t\t\t\t\t<h2 class=\"elementor-heading-title elementor-size-default\">Sorumlu ve G\u00fcvenli \u00dcretim(Responsible Manufacturing)<\/h2>\t\t\t\t<\/div>\n\t\t\t\t<div class=\"elementor-element elementor-element-b01665f elementor-widget elementor-widget-heading\" data-id=\"b01665f\" data-element_type=\"widget\" data-e-type=\"widget\" data-widget_type=\"heading.default\">\n\t\t\t\t\t<h3 class=\"elementor-heading-title elementor-size-default\">Kalite Kontrol Sistemleri<\/h3>\t\t\t\t<\/div>\n\t\t\t\t<div class=\"elementor-element elementor-element-33612cb color-scheme-inherit text-left elementor-widget elementor-widget-text-editor\" data-id=\"33612cb\" data-element_type=\"widget\" data-e-type=\"widget\" data-widget_type=\"text-editor.default\">\n\t\t\t\t\t\t\t\t\t<p>T\u00fcm \u00fcretim s\u00fcre\u00e7leri, uluslararas\u0131 standartlara uygun kalite kontrol biriminin s\u0131k\u0131 denetimi alt\u0131nda y\u00fcr\u00fct\u00fclmektedir. \u00dcr\u00fcnler \u00fczerinde her \u00fcretim a\u015famas\u0131nda detayl\u0131 kimyasal, fiziksel ve mikrobiyolojik analizler yap\u0131lmaktad\u0131r. <\/p>\t\t\t\t\t\t\t\t<\/div>\n\t\t\t\t<div class=\"elementor-element elementor-element-b837947 elementor-widget elementor-widget-heading\" data-id=\"b837947\" data-element_type=\"widget\" data-e-type=\"widget\" data-widget_type=\"heading.default\">\n\t\t\t\t\t<h3 class=\"elementor-heading-title elementor-size-default\">\u00c7al\u0131\u015fan ve S\u00fcre\u00e7 G\u00fcvenli\u011fi<\/h3>\t\t\t\t<\/div>\n\t\t\t\t<div class=\"elementor-element elementor-element-4a4ea98 color-scheme-inherit text-left elementor-widget elementor-widget-text-editor\" data-id=\"4a4ea98\" data-element_type=\"widget\" data-e-type=\"widget\" data-widget_type=\"text-editor.default\">\n\t\t\t\t\t\t\t\t\t<p>Padeideh Shimi Jam, HSE sistemini uygulayarak \u00e7al\u0131\u015fanlar i\u00e7in g\u00fcvenli, temiz ve insana uygun bir \u00e7al\u0131\u015fma ortam\u0131 sa\u011flam\u0131\u015ft\u0131r. Bu sistem, s\u00fcrekli e\u011fitim, risk y\u00f6netimi ve acil durumlara haz\u0131rl\u0131k \u00fczerine odaklanmaktad\u0131r. <\/p>\t\t\t\t\t\t\t\t<\/div>\n\t\t\t\t\t<\/div>\n\t\t<\/div>\n\t\t\t\t\t<\/div>\n\t\t<\/section>\n\t\t\t\t<section class=\"elementor-section elementor-top-section elementor-element elementor-element-a5a3333 about-single-tak elementor-section-boxed elementor-section-height-default elementor-section-height-default\" data-id=\"a5a3333\" data-element_type=\"section\" data-e-type=\"section\" data-settings=\"{&quot;background_background&quot;:&quot;classic&quot;}\">\n\t\t\t\t\t\t<div class=\"elementor-container elementor-column-gap-default\">\n\t\t\t\t\t<div class=\"elementor-column elementor-col-100 elementor-top-column elementor-element elementor-element-cae4a63\" data-id=\"cae4a63\" data-element_type=\"column\" data-e-type=\"column\" data-settings=\"{&quot;background_background&quot;:&quot;classic&quot;}\">\n\t\t\t<div class=\"elementor-widget-wrap elementor-element-populated\">\n\t\t\t\t\t\t<div class=\"elementor-element elementor-element-7e9a6a2 elementor-widget elementor-widget-heading\" data-id=\"7e9a6a2\" data-element_type=\"widget\" data-e-type=\"widget\" data-widget_type=\"heading.default\">\n\t\t\t\t\t<h2 class=\"elementor-heading-title elementor-size-default\">Ambalajlama (Packaging)<\/h2>\t\t\t\t<\/div>\n\t\t\t\t<div class=\"elementor-element elementor-element-94e64c4 elementor-widget elementor-widget-heading\" data-id=\"94e64c4\" data-element_type=\"widget\" data-e-type=\"widget\" data-widget_type=\"heading.default\">\n\t\t\t\t\t<h3 class=\"elementor-heading-title elementor-size-default\">Etiketleme ve T\u00fcketici Bilgilerinde Yenilik<\/h3>\t\t\t\t<\/div>\n\t\t\t\t<div class=\"elementor-element elementor-element-c47d565 color-scheme-inherit text-left elementor-widget elementor-widget-text-editor\" data-id=\"c47d565\" data-element_type=\"widget\" data-e-type=\"widget\" data-widget_type=\"text-editor.default\">\n\t\t\t\t\t\t\t\t\t<p>\u00dcr\u00fcn etiketleri, sa\u011flad\u0131\u011f\u0131 \u015feffaf bilgilerle m\u00fc\u015fteriyi do\u011fru saklama ve kullan\u0131m konusunda y\u00f6nlendirir. Bu uygulama yaln\u0131zca \u00e7evresel fark\u0131ndal\u0131\u011f\u0131 art\u0131rmakla kalmaz, ayn\u0131 zamanda \u015firketin nihai t\u00fcketiciye olan sayg\u0131s\u0131n\u0131 da g\u00f6sterir. <\/p>\t\t\t\t\t\t\t\t<\/div>\n\t\t\t\t\t<\/div>\n\t\t<\/div>\n\t\t\t\t\t<\/div>\n\t\t<\/section>\n\t\t\t\t<section class=\"elementor-section elementor-top-section elementor-element elementor-element-55ed384 about-single-tak elementor-section-boxed elementor-section-height-default elementor-section-height-default\" data-id=\"55ed384\" data-element_type=\"section\" data-e-type=\"section\" data-settings=\"{&quot;background_background&quot;:&quot;classic&quot;}\">\n\t\t\t\t\t\t<div class=\"elementor-container elementor-column-gap-default\">\n\t\t\t\t\t<div class=\"elementor-column elementor-col-100 elementor-top-column elementor-element elementor-element-e2d4799\" data-id=\"e2d4799\" data-element_type=\"column\" data-e-type=\"column\" data-settings=\"{&quot;background_background&quot;:&quot;classic&quot;}\">\n\t\t\t<div class=\"elementor-widget-wrap elementor-element-populated\">\n\t\t\t\t\t\t<div class=\"elementor-element elementor-element-c6413ae elementor-widget elementor-widget-heading\" data-id=\"c6413ae\" data-element_type=\"widget\" data-e-type=\"widget\" data-widget_type=\"heading.default\">\n\t\t\t\t\t<h2 class=\"elementor-heading-title elementor-size-default\">Lojistik(Logistics)<\/h2>\t\t\t\t<\/div>\n\t\t\t\t<div class=\"elementor-element elementor-element-c011f3c elementor-widget elementor-widget-heading\" data-id=\"c011f3c\" data-element_type=\"widget\" data-e-type=\"widget\" data-widget_type=\"heading.default\">\n\t\t\t\t\t<h3 class=\"elementor-heading-title elementor-size-default\">Sorumlu Da\u011f\u0131t\u0131m Ortaklar\u0131yla \u0130\u015f Birli\u011fi<\/h3>\t\t\t\t<\/div>\n\t\t\t\t<div class=\"elementor-element elementor-element-7db33af color-scheme-inherit text-left elementor-widget elementor-widget-text-editor\" data-id=\"7db33af\" data-element_type=\"widget\" data-e-type=\"widget\" data-widget_type=\"text-editor.default\">\n\t\t\t\t\t\t\t\t\t<p>Da\u011f\u0131t\u0131m ortaklar\u0131n\u0131 se\u00e7erken, yak\u0131t t\u00fcketimi, sat\u0131\u015f sonras\u0131 hizmetler, nakliye g\u00fcvenli\u011fi ve \u00e7evre sa\u011fl\u0131\u011f\u0131na olan ba\u011fl\u0131l\u0131k gibi kriterler dikkate al\u0131nmaktad\u0131r.<\/p>\t\t\t\t\t\t\t\t<\/div>\n\t\t\t\t\t<\/div>\n\t\t<\/div>\n\t\t\t\t\t<\/div>\n\t\t<\/section>\n\t\t\t\t<section class=\"elementor-section elementor-top-section elementor-element elementor-element-ba8e7d9 about-single-tak elementor-section-boxed elementor-section-height-default elementor-section-height-default\" data-id=\"ba8e7d9\" data-element_type=\"section\" data-e-type=\"section\" data-settings=\"{&quot;background_background&quot;:&quot;classic&quot;}\">\n\t\t\t\t\t\t<div class=\"elementor-container elementor-column-gap-default\">\n\t\t\t\t\t<div class=\"elementor-column elementor-col-100 elementor-top-column elementor-element elementor-element-aa8070f\" data-id=\"aa8070f\" data-element_type=\"column\" data-e-type=\"column\" data-settings=\"{&quot;background_background&quot;:&quot;classic&quot;}\">\n\t\t\t<div class=\"elementor-widget-wrap elementor-element-populated\">\n\t\t\t\t\t\t<div class=\"elementor-element elementor-element-8ac5371 elementor-widget elementor-widget-heading\" data-id=\"8ac5371\" data-element_type=\"widget\" data-e-type=\"widget\" data-widget_type=\"heading.default\">\n\t\t\t\t\t<h2 class=\"elementor-heading-title elementor-size-default\">M\u00fc\u015fteri Odakl\u0131 S\u00fcrd\u00fcr\u00fclebilirlik(Customer-Centric Sustainability)<\/h2>\t\t\t\t<\/div>\n\t\t\t\t<div class=\"elementor-element elementor-element-01d1124 elementor-widget elementor-widget-heading\" data-id=\"01d1124\" data-element_type=\"widget\" data-e-type=\"widget\" data-widget_type=\"heading.default\">\n\t\t\t\t\t<h3 class=\"elementor-heading-title elementor-size-default\">End\u00fcstriyel M\u00fc\u015fteri E\u011fitimi<\/h3>\t\t\t\t<\/div>\n\t\t\t\t<div class=\"elementor-element elementor-element-c4dfc89 color-scheme-inherit text-left elementor-widget elementor-widget-text-editor\" data-id=\"c4dfc89\" data-element_type=\"widget\" data-e-type=\"widget\" data-widget_type=\"text-editor.default\">\n\t\t\t\t\t\t\t\t\t<p>Padeideh Shimi Jam\u2019in taahh\u00fctlerinden biri, m\u00fc\u015fterilere \u00fcr\u00fcnlerin en iyi, g\u00fcvenli ve s\u00fcrd\u00fcr\u00fclebilir \u015fekilde kullan\u0131m\u0131 konusunda e\u011fitim vermektir. Bu e\u011fitimler bro\u015f\u00fcrler, e\u011fitim videolar\u0131 ve benzeri materyaller arac\u0131l\u0131\u011f\u0131yla sunulmaktad\u0131r. <\/p>\t\t\t\t\t\t\t\t<\/div>\n\t\t\t\t<div class=\"elementor-element elementor-element-d319362 elementor-widget elementor-widget-heading\" data-id=\"d319362\" data-element_type=\"widget\" data-e-type=\"widget\" data-widget_type=\"heading.default\">\n\t\t\t\t\t<h3 class=\"elementor-heading-title elementor-size-default\">Sat\u0131\u015f Sonras\u0131 Hizmetler ve Geri D\u00f6n\u00fc\u015f\u00fcm<\/h3>\t\t\t\t<\/div>\n\t\t\t\t<div class=\"elementor-element elementor-element-443deca color-scheme-inherit text-left elementor-widget elementor-widget-text-editor\" data-id=\"443deca\" data-element_type=\"widget\" data-e-type=\"widget\" data-widget_type=\"text-editor.default\">\n\t\t\t\t\t\t\t\t\t<p>Ambalajlar\u0131n toplanmas\u0131 ve yeniden kullan\u0131lmas\u0131 i\u00e7in \u00e7\u00f6z\u00fcmler sunmak, nihai m\u00fc\u015fterilere y\u00f6nelik s\u00fcrd\u00fcr\u00fclebilirlik politikas\u0131n\u0131n bir par\u00e7as\u0131d\u0131r.<\/p>\t\t\t\t\t\t\t\t<\/div>\n\t\t\t\t\t<\/div>\n\t\t<\/div>\n\t\t\t\t\t<\/div>\n\t\t<\/section>\n\t\t\t\t<section class=\"elementor-section elementor-top-section elementor-element elementor-element-e927654 about-single-tak elementor-section-boxed elementor-section-height-default elementor-section-height-default\" data-id=\"e927654\" data-element_type=\"section\" data-e-type=\"section\" data-settings=\"{&quot;background_background&quot;:&quot;classic&quot;}\">\n\t\t\t\t\t\t<div class=\"elementor-container elementor-column-gap-default\">\n\t\t\t\t\t<div class=\"elementor-column elementor-col-100 elementor-top-column elementor-element elementor-element-b7fc80a\" data-id=\"b7fc80a\" data-element_type=\"column\" data-e-type=\"column\" data-settings=\"{&quot;background_background&quot;:&quot;classic&quot;}\">\n\t\t\t<div class=\"elementor-widget-wrap elementor-element-populated\">\n\t\t\t\t\t\t<div class=\"elementor-element elementor-element-ab3589e elementor-widget elementor-widget-heading\" data-id=\"ab3589e\" data-element_type=\"widget\" data-e-type=\"widget\" data-widget_type=\"heading.default\">\n\t\t\t\t\t<h2 class=\"elementor-heading-title elementor-size-default\">\u015eeffafl\u0131k(Transparency)<\/h2>\t\t\t\t<\/div>\n\t\t\t\t<div class=\"elementor-element elementor-element-9ce95b0 elementor-widget elementor-widget-heading\" data-id=\"9ce95b0\" data-element_type=\"widget\" data-e-type=\"widget\" data-widget_type=\"heading.default\">\n\t\t\t\t\t<h3 class=\"elementor-heading-title elementor-size-default\">Tedarik Zinciri Takibi<\/h3>\t\t\t\t<\/div>\n\t\t\t\t<div class=\"elementor-element elementor-element-ecbc75b color-scheme-inherit text-left elementor-widget elementor-widget-text-editor\" data-id=\"ecbc75b\" data-element_type=\"widget\" data-e-type=\"widget\" data-widget_type=\"text-editor.default\">\n\t\t\t\t\t\t\t\t\t<p>S\u00fcre\u00e7lerin dijitalle\u015ftirilmesiyle, her \u00fcr\u00fcn\u00fcn ilk kaynaktan nihai teslimata kadar tam olarak izlenmesi m\u00fcmk\u00fcn hale gelmi\u015f olup, bu durum de\u011fer zincirinde \u015feffafl\u0131\u011f\u0131 ve sorumlulu\u011fu art\u0131rmaktad\u0131r.<\/p>\t\t\t\t\t\t\t\t<\/div>\n\t\t\t\t\t<\/div>\n\t\t<\/div>\n\t\t\t\t\t<\/div>\n\t\t<\/section>\n\t\t\t\t<section class=\"elementor-section elementor-top-section elementor-element elementor-element-70f6009 about-single-tak elementor-section-boxed elementor-section-height-default elementor-section-height-default\" data-id=\"70f6009\" data-element_type=\"section\" data-e-type=\"section\" data-settings=\"{&quot;background_background&quot;:&quot;classic&quot;}\">\n\t\t\t\t\t\t<div class=\"elementor-container elementor-column-gap-default\">\n\t\t\t\t\t<div class=\"elementor-column elementor-col-100 elementor-top-column elementor-element elementor-element-572f9fe\" data-id=\"572f9fe\" data-element_type=\"column\" data-e-type=\"column\" data-settings=\"{&quot;background_background&quot;:&quot;classic&quot;}\">\n\t\t\t<div class=\"elementor-widget-wrap elementor-element-populated\">\n\t\t\t\t\t\t<div class=\"elementor-element elementor-element-7320f8a elementor-widget elementor-widget-heading\" data-id=\"7320f8a\" data-element_type=\"widget\" data-e-type=\"widget\" data-widget_type=\"heading.default\">\n\t\t\t\t\t<h2 class=\"elementor-heading-title elementor-size-default\">S\u00fcrd\u00fcr\u00fclebilir Bir Gelece\u011fe Taahh\u00fct<\/h2>\t\t\t\t<\/div>\n\t\t\t\t<div class=\"elementor-element elementor-element-271a859 color-scheme-inherit text-left elementor-widget elementor-widget-text-editor\" data-id=\"271a859\" data-element_type=\"widget\" data-e-type=\"widget\" data-widget_type=\"text-editor.default\">\n\t\t\t\t\t\t\t\t\t<p>Padeideh Shimi Jam, de\u011fer zincirinin t\u00fcm a\u015famalar\u0131nda kalite ve s\u00fcrd\u00fcr\u00fclebilirli\u011fin \u00f6nemini kavrayarak, yaln\u0131zca bir hammadde \u00fcreticisi olarak de\u011fil, ayn\u0131 zamanda \u0130ran kimya ve temizlik end\u00fcstrisinde \u00f6nc\u00fc bir model olarak rol oynamaktad\u0131r. \u015eirket, \u00e7evreye dikkat etmeyen, sosyal sorumluluk ve kaliteyi geli\u015ftirmeyen bir ekonomik b\u00fcy\u00fcmenin s\u00fcrd\u00fcr\u00fclebilir olamayaca\u011f\u0131na inanmaktad\u0131r. <\/p>\t\t\t\t\t\t\t\t<\/div>\n\t\t\t\t\t<\/div>\n\t\t<\/div>\n\t\t\t\t\t<\/div>\n\t\t<\/section>\n\t\t\t\t<\/div>\n\t\t","protected":false},"excerpt":{"rendered":"<p>De\u011fer Zinciri G\u00fcn\u00fcm\u00fczde yaln\u0131zca kaliteli \u00fcr\u00fcn \u00fcretmek yeterli de\u011fildir. \u00d6nde gelen organizasyonlar, kalite ve s\u00fcrd\u00fcr\u00fclebilirli\u011fin de\u011fer zincirinin t\u00fcm a\u015famalar\u0131nda \u2013<\/p>\n","protected":false},"author":1,"featured_media":0,"parent":6613,"menu_order":0,"comment_status":"closed","ping_status":"closed","template":"","meta":{"_acf_changed":false,"footnotes":""},"class_list":["post-6833","page","type-page","status-publish","hentry"],"acf":[],"_links":{"self":[{"href":"https:\/\/padidehshimi.com\/tr\/wp-json\/wp\/v2\/pages\/6833","targetHints":{"allow":["GET"]}}],"collection":[{"href":"https:\/\/padidehshimi.com\/tr\/wp-json\/wp\/v2\/pages"}],"about":[{"href":"https:\/\/padidehshimi.com\/tr\/wp-json\/wp\/v2\/types\/page"}],"author":[{"embeddable":true,"href":"https:\/\/padidehshimi.com\/tr\/wp-json\/wp\/v2\/users\/1"}],"replies":[{"embeddable":true,"href":"https:\/\/padidehshimi.com\/tr\/wp-json\/wp\/v2\/comments?post=6833"}],"version-history":[{"count":0,"href":"https:\/\/padidehshimi.com\/tr\/wp-json\/wp\/v2\/pages\/6833\/revisions"}],"up":[{"embeddable":true,"href":"https:\/\/padidehshimi.com\/tr\/wp-json\/wp\/v2\/pages\/6613"}],"wp:attachment":[{"href":"https:\/\/padidehshimi.com\/tr\/wp-json\/wp\/v2\/media?parent=6833"}],"curies":[{"name":"wp","href":"https:\/\/api.w.org\/{rel}","templated":true}]}}