{"id":7038,"date":"2024-09-29T09:15:45","date_gmt":"2024-09-29T05:45:45","guid":{"rendered":"https:\/\/padidehshimi.com\/kalite-ve-surdurulebilirlik\/sertifikalar\/"},"modified":"2025-12-16T11:03:34","modified_gmt":"2025-12-16T07:33:34","slug":"sertifikalar","status":"publish","type":"page","link":"https:\/\/padidehshimi.com\/tr\/kalite-ve-surdurulebilirlik\/sertifikalar\/","title":{"rendered":"Sertifikalar"},"content":{"rendered":"\t\t<div data-elementor-type=\"wp-page\" data-elementor-id=\"7038\" class=\"elementor elementor-7038 elementor-326\" data-elementor-post-type=\"page\">\n\t\t\t\t\t\t<section class=\"elementor-section elementor-top-section elementor-element elementor-element-5fa3a91 wd-section-stretch-content elementor-section-boxed elementor-section-height-default elementor-section-height-default\" data-id=\"5fa3a91\" data-element_type=\"section\" data-e-type=\"section\" data-settings=\"{&quot;background_background&quot;:&quot;classic&quot;,&quot;shape_divider_top&quot;:&quot;tilt&quot;,&quot;shape_divider_bottom&quot;:&quot;opacity-tilt&quot;}\">\n\t\t\t\t\t<div class=\"elementor-shape elementor-shape-top\" aria-hidden=\"true\" data-negative=\"false\">\n\t\t\t<svg xmlns=\"http:\/\/www.w3.org\/2000\/svg\" viewBox=\"0 0 1000 100\" preserveAspectRatio=\"none\">\n\t<path class=\"elementor-shape-fill\" d=\"M0,6V0h1000v100L0,6z\"\/>\n<\/svg>\t\t<\/div>\n\t\t\t\t<div class=\"elementor-shape elementor-shape-bottom\" aria-hidden=\"true\" data-negative=\"false\">\n\t\t\t<svg xmlns=\"http:\/\/www.w3.org\/2000\/svg\" viewBox=\"0 0 2600 131.1\" preserveAspectRatio=\"none\">\n\t<path class=\"elementor-shape-fill\" d=\"M0 0L2600 0 2600 69.1 0 0z\"\/>\n\t<path class=\"elementor-shape-fill\" style=\"opacity:0.5\" d=\"M0 0L2600 0 2600 69.1 0 69.1z\"\/>\n\t<path class=\"elementor-shape-fill\" style=\"opacity:0.25\" d=\"M2600 0L0 0 0 130.1 2600 69.1z\"\/>\n<\/svg>\t\t<\/div>\n\t\t\t\t\t<div class=\"elementor-container elementor-column-gap-default\">\n\t\t\t\t\t<div class=\"elementor-column elementor-col-100 elementor-top-column elementor-element elementor-element-6b3c348\" data-id=\"6b3c348\" data-element_type=\"column\" data-e-type=\"column\">\n\t\t\t<div class=\"elementor-widget-wrap elementor-element-populated\">\n\t\t\t\t\t\t<div class=\"elementor-element elementor-element-6c39e4b elementor-widget elementor-widget-heading\" data-id=\"6c39e4b\" data-element_type=\"widget\" data-e-type=\"widget\" data-widget_type=\"heading.default\">\n\t\t\t\t\t<h3 class=\"elementor-heading-title elementor-size-default\">Sertifikalar<\/h3>\t\t\t\t<\/div>\n\t\t\t\t<div class=\"elementor-element elementor-element-b4fe476 color-scheme-inherit text-left elementor-widget elementor-widget-text-editor\" data-id=\"b4fe476\" data-element_type=\"widget\" data-e-type=\"widget\" data-widget_type=\"text-editor.default\">\n\t\t\t\t\t\t\t\t\t<p>Biz, \u201c\u0130ran yapabilir\u201d inanc\u0131yla, \u00fclke ve b\u00f6lgenin sa\u011fl\u0131k ihtiya\u00e7lar\u0131n\u0131 kar\u015f\u0131lamay\u0131 hedefleyerek, a\u015fa\u011f\u0131daki de\u011ferleri \u00e7al\u0131\u015fma prensiplerimizin temelinde tutmaktay\u0131z.<\/p>\t\t\t\t\t\t\t\t<\/div>\n\t\t\t\t<div class=\"elementor-element elementor-element-d105f69 elementor-widget elementor-widget-gallery\" data-id=\"d105f69\" data-element_type=\"widget\" data-e-type=\"widget\" data-settings=\"{&quot;gallery_layout&quot;:&quot;justified&quot;,&quot;ideal_row_height&quot;:{&quot;unit&quot;:&quot;px&quot;,&quot;size&quot;:267,&quot;sizes&quot;:[]},&quot;lazyload&quot;:&quot;yes&quot;,&quot;ideal_row_height_tablet&quot;:{&quot;unit&quot;:&quot;px&quot;,&quot;size&quot;:150,&quot;sizes&quot;:[]},&quot;ideal_row_height_mobile&quot;:{&quot;unit&quot;:&quot;px&quot;,&quot;size&quot;:150,&quot;sizes&quot;:[]},&quot;gap&quot;:{&quot;unit&quot;:&quot;px&quot;,&quot;size&quot;:10,&quot;sizes&quot;:[]},&quot;gap_tablet&quot;:{&quot;unit&quot;:&quot;px&quot;,&quot;size&quot;:10,&quot;sizes&quot;:[]},&quot;gap_mobile&quot;:{&quot;unit&quot;:&quot;px&quot;,&quot;size&quot;:10,&quot;sizes&quot;:[]},&quot;link_to&quot;:&quot;file&quot;,&quot;overlay_background&quot;:&quot;yes&quot;,&quot;content_hover_animation&quot;:&quot;fade-in&quot;}\" data-widget_type=\"gallery.default\">\n\t\t\t\t\t\t\t<div class=\"elementor-gallery__container\">\n\t\t\t\t\t\t\t<a class=\"e-gallery-item elementor-gallery-item elementor-animated-content\" href=\"https:\/\/padidehshimi.com\/wp-content\/smush-webp\/2024\/09\/halal-certificate-02.jpg.webp\" data-elementor-open-lightbox=\"yes\" data-elementor-lightbox-slideshow=\"d105f69\" data-elementor-lightbox-title=\"halal-certificate-02\" data-e-action-hash=\"#elementor-action%3Aaction%3Dlightbox%26settings%3DeyJpZCI6NjY2NiwidXJsIjoiaHR0cHM6XC9cL3BhZGlkZWhzaGltaS5jb21cL3dwLWNvbnRlbnRcL3VwbG9hZHNcLzIwMjRcLzA5XC9oYWxhbC1jZXJ0aWZpY2F0ZS0wMi5qcGciLCJzbGlkZXNob3ciOiJkMTA1ZjY5In0%3D\" data-smush-webp-fallback=\"{&quot;href&quot;:&quot;https:\\\/\\\/padidehshimi.com\\\/wp-content\\\/uploads\\\/2024\\\/09\\\/halal-certificate-02.jpg&quot;}\">\n\t\t\t\t\t<div class=\"e-gallery-image elementor-gallery-item__image\" data-thumbnail=\"https:\/\/padidehshimi.com\/wp-content\/smush-webp\/2024\/09\/halal-certificate-02.jpg.webp\" data-width=\"1080\" data-height=\"1528\" aria-label=\"\" role=\"img\"  data-smush-webp-fallback=\"{&quot;data-thumbnail&quot;:&quot;https:\\\/\\\/padidehshimi.com\\\/wp-content\\\/uploads\\\/2024\\\/09\\\/halal-certificate-02.jpg&quot;}\"><\/div>\n\t\t\t\t\t\t\t\t\t\t\t<div class=\"elementor-gallery-item__overlay\"><\/div>\n\t\t\t\t\t\t\t\t\t\t\t\t\t\t<\/a>\n\t\t\t\t\t\t\t<a class=\"e-gallery-item elementor-gallery-item elementor-animated-content\" href=\"https:\/\/padidehshimi.com\/wp-content\/smush-webp\/2024\/09\/FDA-certificate.jpg.webp\" data-elementor-open-lightbox=\"yes\" data-elementor-lightbox-slideshow=\"d105f69\" data-elementor-lightbox-title=\"FDA-certificate\" data-e-action-hash=\"#elementor-action%3Aaction%3Dlightbox%26settings%3DeyJpZCI6NjY2NSwidXJsIjoiaHR0cHM6XC9cL3BhZGlkZWhzaGltaS5jb21cL3dwLWNvbnRlbnRcL3VwbG9hZHNcLzIwMjRcLzA5XC9GREEtY2VydGlmaWNhdGUuanBnIiwic2xpZGVzaG93IjoiZDEwNWY2OSJ9\" data-smush-webp-fallback=\"{&quot;href&quot;:&quot;https:\\\/\\\/padidehshimi.com\\\/wp-content\\\/uploads\\\/2024\\\/09\\\/FDA-certificate.jpg&quot;}\">\n\t\t\t\t\t<div class=\"e-gallery-image elementor-gallery-item__image\" data-thumbnail=\"https:\/\/padidehshimi.com\/wp-content\/smush-webp\/2024\/09\/FDA-certificate.jpg.webp\" data-width=\"1080\" data-height=\"1528\" aria-label=\"\" role=\"img\"  data-smush-webp-fallback=\"{&quot;data-thumbnail&quot;:&quot;https:\\\/\\\/padidehshimi.com\\\/wp-content\\\/uploads\\\/2024\\\/09\\\/FDA-certificate.jpg&quot;}\"><\/div>\n\t\t\t\t\t\t\t\t\t\t\t<div class=\"elementor-gallery-item__overlay\"><\/div>\n\t\t\t\t\t\t\t\t\t\t\t\t\t\t<\/a>\n\t\t\t\t\t\t\t<a class=\"e-gallery-item elementor-gallery-item elementor-animated-content\" href=\"https:\/\/padidehshimi.com\/wp-content\/smush-webp\/2024\/09\/GMP-certificate.jpg.webp\" data-elementor-open-lightbox=\"yes\" data-elementor-lightbox-slideshow=\"d105f69\" data-elementor-lightbox-title=\"GMP-certificate\" data-e-action-hash=\"#elementor-action%3Aaction%3Dlightbox%26settings%3DeyJpZCI6NjY2NCwidXJsIjoiaHR0cHM6XC9cL3BhZGlkZWhzaGltaS5jb21cL3dwLWNvbnRlbnRcL3VwbG9hZHNcLzIwMjRcLzA5XC9HTVAtY2VydGlmaWNhdGUuanBnIiwic2xpZGVzaG93IjoiZDEwNWY2OSJ9\" data-smush-webp-fallback=\"{&quot;href&quot;:&quot;https:\\\/\\\/padidehshimi.com\\\/wp-content\\\/uploads\\\/2024\\\/09\\\/GMP-certificate.jpg&quot;}\">\n\t\t\t\t\t<div class=\"e-gallery-image elementor-gallery-item__image\" data-thumbnail=\"https:\/\/padidehshimi.com\/wp-content\/smush-webp\/2024\/09\/GMP-certificate.jpg.webp\" data-width=\"1080\" data-height=\"1528\" aria-label=\"\" role=\"img\"  data-smush-webp-fallback=\"{&quot;data-thumbnail&quot;:&quot;https:\\\/\\\/padidehshimi.com\\\/wp-content\\\/uploads\\\/2024\\\/09\\\/GMP-certificate.jpg&quot;}\"><\/div>\n\t\t\t\t\t\t\t\t\t\t\t<div class=\"elementor-gallery-item__overlay\"><\/div>\n\t\t\t\t\t\t\t\t\t\t\t\t\t\t<\/a>\n\t\t\t\t\t\t\t<a class=\"e-gallery-item elementor-gallery-item elementor-animated-content\" href=\"https:\/\/padidehshimi.com\/wp-content\/smush-webp\/2024\/09\/UNILEVER-certificate.jpg.webp\" data-elementor-open-lightbox=\"yes\" data-elementor-lightbox-slideshow=\"d105f69\" data-elementor-lightbox-title=\"UNILEVER-certificate\" data-e-action-hash=\"#elementor-action%3Aaction%3Dlightbox%26settings%3DeyJpZCI6NjY2MywidXJsIjoiaHR0cHM6XC9cL3BhZGlkZWhzaGltaS5jb21cL3dwLWNvbnRlbnRcL3VwbG9hZHNcLzIwMjRcLzA5XC9VTklMRVZFUi1jZXJ0aWZpY2F0ZS5qcGciLCJzbGlkZXNob3ciOiJkMTA1ZjY5In0%3D\" data-smush-webp-fallback=\"{&quot;href&quot;:&quot;https:\\\/\\\/padidehshimi.com\\\/wp-content\\\/uploads\\\/2024\\\/09\\\/UNILEVER-certificate.jpg&quot;}\">\n\t\t\t\t\t<div class=\"e-gallery-image elementor-gallery-item__image\" data-thumbnail=\"https:\/\/padidehshimi.com\/wp-content\/smush-webp\/2024\/09\/UNILEVER-certificate.jpg.webp\" data-width=\"1080\" data-height=\"1528\" aria-label=\"\" role=\"img\"  data-smush-webp-fallback=\"{&quot;data-thumbnail&quot;:&quot;https:\\\/\\\/padidehshimi.com\\\/wp-content\\\/uploads\\\/2024\\\/09\\\/UNILEVER-certificate.jpg&quot;}\"><\/div>\n\t\t\t\t\t\t\t\t\t\t\t<div class=\"elementor-gallery-item__overlay\"><\/div>\n\t\t\t\t\t\t\t\t\t\t\t\t\t\t<\/a>\n\t\t\t\t\t\t\t<a class=\"e-gallery-item elementor-gallery-item elementor-animated-content\" href=\"https:\/\/padidehshimi.com\/wp-content\/smush-webp\/2024\/09\/ISO-9001-2015.jpg.webp\" data-elementor-open-lightbox=\"yes\" data-elementor-lightbox-slideshow=\"d105f69\" data-elementor-lightbox-title=\"ISO-9001-2015\" data-e-action-hash=\"#elementor-action%3Aaction%3Dlightbox%26settings%3DeyJpZCI6NjY2MiwidXJsIjoiaHR0cHM6XC9cL3BhZGlkZWhzaGltaS5jb21cL3dwLWNvbnRlbnRcL3VwbG9hZHNcLzIwMjRcLzA5XC9JU08tOTAwMS0yMDE1LmpwZyIsInNsaWRlc2hvdyI6ImQxMDVmNjkifQ%3D%3D\" data-smush-webp-fallback=\"{&quot;href&quot;:&quot;https:\\\/\\\/padidehshimi.com\\\/wp-content\\\/uploads\\\/2024\\\/09\\\/ISO-9001-2015.jpg&quot;}\">\n\t\t\t\t\t<div class=\"e-gallery-image elementor-gallery-item__image\" data-thumbnail=\"https:\/\/padidehshimi.com\/wp-content\/smush-webp\/2024\/09\/ISO-9001-2015.jpg.webp\" data-width=\"1080\" data-height=\"1528\" aria-label=\"\" role=\"img\"  data-smush-webp-fallback=\"{&quot;data-thumbnail&quot;:&quot;https:\\\/\\\/padidehshimi.com\\\/wp-content\\\/uploads\\\/2024\\\/09\\\/ISO-9001-2015.jpg&quot;}\"><\/div>\n\t\t\t\t\t\t\t\t\t\t\t<div class=\"elementor-gallery-item__overlay\"><\/div>\n\t\t\t\t\t\t\t\t\t\t\t\t\t\t<\/a>\n\t\t\t\t\t\t\t<a class=\"e-gallery-item elementor-gallery-item elementor-animated-content\" href=\"https:\/\/padidehshimi.com\/wp-content\/smush-webp\/2024\/09\/ISO-45001-2018.jpg.webp\" data-elementor-open-lightbox=\"yes\" data-elementor-lightbox-slideshow=\"d105f69\" data-elementor-lightbox-title=\"ISO-45001-2018\" data-e-action-hash=\"#elementor-action%3Aaction%3Dlightbox%26settings%3DeyJpZCI6NjY2MSwidXJsIjoiaHR0cHM6XC9cL3BhZGlkZWhzaGltaS5jb21cL3dwLWNvbnRlbnRcL3VwbG9hZHNcLzIwMjRcLzA5XC9JU08tNDUwMDEtMjAxOC5qcGciLCJzbGlkZXNob3ciOiJkMTA1ZjY5In0%3D\" data-smush-webp-fallback=\"{&quot;href&quot;:&quot;https:\\\/\\\/padidehshimi.com\\\/wp-content\\\/uploads\\\/2024\\\/09\\\/ISO-45001-2018.jpg&quot;}\">\n\t\t\t\t\t<div class=\"e-gallery-image elementor-gallery-item__image\" data-thumbnail=\"https:\/\/padidehshimi.com\/wp-content\/smush-webp\/2024\/09\/ISO-45001-2018.jpg.webp\" data-width=\"1080\" data-height=\"1528\" aria-label=\"\" role=\"img\"  data-smush-webp-fallback=\"{&quot;data-thumbnail&quot;:&quot;https:\\\/\\\/padidehshimi.com\\\/wp-content\\\/uploads\\\/2024\\\/09\\\/ISO-45001-2018.jpg&quot;}\"><\/div>\n\t\t\t\t\t\t\t\t\t\t\t<div class=\"elementor-gallery-item__overlay\"><\/div>\n\t\t\t\t\t\t\t\t\t\t\t\t\t\t<\/a>\n\t\t\t\t\t\t\t<a class=\"e-gallery-item elementor-gallery-item elementor-animated-content\" href=\"https:\/\/padidehshimi.com\/wp-content\/smush-webp\/2024\/09\/IMS-certificate.jpg.webp\" data-elementor-open-lightbox=\"yes\" data-elementor-lightbox-slideshow=\"d105f69\" data-elementor-lightbox-title=\"IMS-certificate\" data-e-action-hash=\"#elementor-action%3Aaction%3Dlightbox%26settings%3DeyJpZCI6NjY2MCwidXJsIjoiaHR0cHM6XC9cL3BhZGlkZWhzaGltaS5jb21cL3dwLWNvbnRlbnRcL3VwbG9hZHNcLzIwMjRcLzA5XC9JTVMtY2VydGlmaWNhdGUuanBnIiwic2xpZGVzaG93IjoiZDEwNWY2OSJ9\" data-smush-webp-fallback=\"{&quot;href&quot;:&quot;https:\\\/\\\/padidehshimi.com\\\/wp-content\\\/uploads\\\/2024\\\/09\\\/IMS-certificate.jpg&quot;}\">\n\t\t\t\t\t<div class=\"e-gallery-image elementor-gallery-item__image\" data-thumbnail=\"https:\/\/padidehshimi.com\/wp-content\/smush-webp\/2024\/09\/IMS-certificate.jpg.webp\" data-width=\"1080\" data-height=\"1528\" aria-label=\"\" role=\"img\"  data-smush-webp-fallback=\"{&quot;data-thumbnail&quot;:&quot;https:\\\/\\\/padidehshimi.com\\\/wp-content\\\/uploads\\\/2024\\\/09\\\/IMS-certificate.jpg&quot;}\"><\/div>\n\t\t\t\t\t\t\t\t\t\t\t<div class=\"elementor-gallery-item__overlay\"><\/div>\n\t\t\t\t\t\t\t\t\t\t\t\t\t\t<\/a>\n\t\t\t\t\t\t\t<a class=\"e-gallery-item elementor-gallery-item elementor-animated-content\" href=\"https:\/\/padidehshimi.com\/wp-content\/smush-webp\/2024\/09\/halal-certificate-1402-01.jpg.webp\" data-elementor-open-lightbox=\"yes\" data-elementor-lightbox-slideshow=\"d105f69\" data-elementor-lightbox-title=\"halal-certificate-1402-01\" data-e-action-hash=\"#elementor-action%3Aaction%3Dlightbox%26settings%3DeyJpZCI6NjY1OSwidXJsIjoiaHR0cHM6XC9cL3BhZGlkZWhzaGltaS5jb21cL3dwLWNvbnRlbnRcL3VwbG9hZHNcLzIwMjRcLzA5XC9oYWxhbC1jZXJ0aWZpY2F0ZS0xNDAyLTAxLmpwZyIsInNsaWRlc2hvdyI6ImQxMDVmNjkifQ%3D%3D\" data-smush-webp-fallback=\"{&quot;href&quot;:&quot;https:\\\/\\\/padidehshimi.com\\\/wp-content\\\/uploads\\\/2024\\\/09\\\/halal-certificate-1402-01.jpg&quot;}\">\n\t\t\t\t\t<div class=\"e-gallery-image elementor-gallery-item__image\" data-thumbnail=\"https:\/\/padidehshimi.com\/wp-content\/smush-webp\/2024\/09\/halal-certificate-1402-01.jpg.webp\" data-width=\"1080\" data-height=\"1528\" aria-label=\"\" role=\"img\"  data-smush-webp-fallback=\"{&quot;data-thumbnail&quot;:&quot;https:\\\/\\\/padidehshimi.com\\\/wp-content\\\/uploads\\\/2024\\\/09\\\/halal-certificate-1402-01.jpg&quot;}\"><\/div>\n\t\t\t\t\t\t\t\t\t\t\t<div class=\"elementor-gallery-item__overlay\"><\/div>\n\t\t\t\t\t\t\t\t\t\t\t\t\t\t<\/a>\n\t\t\t\t\t\t\t<a class=\"e-gallery-item elementor-gallery-item elementor-animated-content\" href=\"https:\/\/padidehshimi.com\/wp-content\/smush-webp\/2024\/09\/OHSAS-18001-2007.jpg.webp\" data-elementor-open-lightbox=\"yes\" data-elementor-lightbox-slideshow=\"d105f69\" data-elementor-lightbox-title=\"OHSAS-18001-2007\" data-e-action-hash=\"#elementor-action%3Aaction%3Dlightbox%26settings%3DeyJpZCI6NjY1OCwidXJsIjoiaHR0cHM6XC9cL3BhZGlkZWhzaGltaS5jb21cL3dwLWNvbnRlbnRcL3VwbG9hZHNcLzIwMjRcLzA5XC9PSFNBUy0xODAwMS0yMDA3LmpwZyIsInNsaWRlc2hvdyI6ImQxMDVmNjkifQ%3D%3D\" data-smush-webp-fallback=\"{&quot;href&quot;:&quot;https:\\\/\\\/padidehshimi.com\\\/wp-content\\\/uploads\\\/2024\\\/09\\\/OHSAS-18001-2007.jpg&quot;}\">\n\t\t\t\t\t<div class=\"e-gallery-image elementor-gallery-item__image\" data-thumbnail=\"https:\/\/padidehshimi.com\/wp-content\/smush-webp\/2024\/09\/OHSAS-18001-2007.jpg.webp\" data-width=\"1080\" data-height=\"1528\" aria-label=\"\" role=\"img\"  data-smush-webp-fallback=\"{&quot;data-thumbnail&quot;:&quot;https:\\\/\\\/padidehshimi.com\\\/wp-content\\\/uploads\\\/2024\\\/09\\\/OHSAS-18001-2007.jpg&quot;}\"><\/div>\n\t\t\t\t\t\t\t\t\t\t\t<div class=\"elementor-gallery-item__overlay\"><\/div>\n\t\t\t\t\t\t\t\t\t\t\t\t\t\t<\/a>\n\t\t\t\t\t\t\t<a class=\"e-gallery-item elementor-gallery-item elementor-animated-content\" href=\"https:\/\/padidehshimi.com\/wp-content\/smush-webp\/2024\/09\/ISO-22000-2018.jpg.webp\" data-elementor-open-lightbox=\"yes\" data-elementor-lightbox-slideshow=\"d105f69\" data-elementor-lightbox-title=\"ISO-22000-2018\" data-e-action-hash=\"#elementor-action%3Aaction%3Dlightbox%26settings%3DeyJpZCI6NjY1NywidXJsIjoiaHR0cHM6XC9cL3BhZGlkZWhzaGltaS5jb21cL3dwLWNvbnRlbnRcL3VwbG9hZHNcLzIwMjRcLzA5XC9JU08tMjIwMDAtMjAxOC5qcGciLCJzbGlkZXNob3ciOiJkMTA1ZjY5In0%3D\" data-smush-webp-fallback=\"{&quot;href&quot;:&quot;https:\\\/\\\/padidehshimi.com\\\/wp-content\\\/uploads\\\/2024\\\/09\\\/ISO-22000-2018.jpg&quot;}\">\n\t\t\t\t\t<div class=\"e-gallery-image elementor-gallery-item__image\" data-thumbnail=\"https:\/\/padidehshimi.com\/wp-content\/smush-webp\/2024\/09\/ISO-22000-2018.jpg.webp\" data-width=\"1080\" data-height=\"1528\" aria-label=\"\" role=\"img\"  data-smush-webp-fallback=\"{&quot;data-thumbnail&quot;:&quot;https:\\\/\\\/padidehshimi.com\\\/wp-content\\\/uploads\\\/2024\\\/09\\\/ISO-22000-2018.jpg&quot;}\"><\/div>\n\t\t\t\t\t\t\t\t\t\t\t<div class=\"elementor-gallery-item__overlay\"><\/div>\n\t\t\t\t\t\t\t\t\t\t\t\t\t\t<\/a>\n\t\t\t\t\t\t\t<a class=\"e-gallery-item elementor-gallery-item elementor-animated-content\" href=\"https:\/\/padidehshimi.com\/wp-content\/smush-webp\/2024\/09\/ISO-14001-2015.jpg.webp\" data-elementor-open-lightbox=\"yes\" data-elementor-lightbox-slideshow=\"d105f69\" data-elementor-lightbox-title=\"ISO-14001-2015\" data-e-action-hash=\"#elementor-action%3Aaction%3Dlightbox%26settings%3DeyJpZCI6NjY1NiwidXJsIjoiaHR0cHM6XC9cL3BhZGlkZWhzaGltaS5jb21cL3dwLWNvbnRlbnRcL3VwbG9hZHNcLzIwMjRcLzA5XC9JU08tMTQwMDEtMjAxNS5qcGciLCJzbGlkZXNob3ciOiJkMTA1ZjY5In0%3D\" data-smush-webp-fallback=\"{&quot;href&quot;:&quot;https:\\\/\\\/padidehshimi.com\\\/wp-content\\\/uploads\\\/2024\\\/09\\\/ISO-14001-2015.jpg&quot;}\">\n\t\t\t\t\t<div class=\"e-gallery-image elementor-gallery-item__image\" data-thumbnail=\"https:\/\/padidehshimi.com\/wp-content\/smush-webp\/2024\/09\/ISO-14001-2015.jpg.webp\" data-width=\"1080\" data-height=\"1528\" aria-label=\"\" role=\"img\"  data-smush-webp-fallback=\"{&quot;data-thumbnail&quot;:&quot;https:\\\/\\\/padidehshimi.com\\\/wp-content\\\/uploads\\\/2024\\\/09\\\/ISO-14001-2015.jpg&quot;}\"><\/div>\n\t\t\t\t\t\t\t\t\t\t\t<div class=\"elementor-gallery-item__overlay\"><\/div>\n\t\t\t\t\t\t\t\t\t\t\t\t\t\t<\/a>\n\t\t\t\t\t<\/div>\n\t\t\t\t\t<\/div>\n\t\t\t\t\t<\/div>\n\t\t<\/div>\n\t\t\t\t\t<\/div>\n\t\t<\/section>\n\t\t\t\t<\/div>\n\t\t","protected":false},"excerpt":{"rendered":"<p>Sertifikalar Biz, \u201c\u0130ran yapabilir\u201d inanc\u0131yla, \u00fclke ve b\u00f6lgenin sa\u011fl\u0131k ihtiya\u00e7lar\u0131n\u0131 kar\u015f\u0131lamay\u0131 hedefleyerek, a\u015fa\u011f\u0131daki de\u011ferleri \u00e7al\u0131\u015fma prensiplerimizin temelinde tutmaktay\u0131z.<\/p>\n","protected":false},"author":1,"featured_media":0,"parent":6613,"menu_order":0,"comment_status":"closed","ping_status":"closed","template":"","meta":{"_acf_changed":false,"footnotes":""},"class_list":["post-7038","page","type-page","status-publish","hentry"],"acf":[],"_links":{"self":[{"href":"https:\/\/padidehshimi.com\/tr\/wp-json\/wp\/v2\/pages\/7038","targetHints":{"allow":["GET"]}}],"collection":[{"href":"https:\/\/padidehshimi.com\/tr\/wp-json\/wp\/v2\/pages"}],"about":[{"href":"https:\/\/padidehshimi.com\/tr\/wp-json\/wp\/v2\/types\/page"}],"author":[{"embeddable":true,"href":"https:\/\/padidehshimi.com\/tr\/wp-json\/wp\/v2\/users\/1"}],"replies":[{"embeddable":true,"href":"https:\/\/padidehshimi.com\/tr\/wp-json\/wp\/v2\/comments?post=7038"}],"version-history":[{"count":0,"href":"https:\/\/padidehshimi.com\/tr\/wp-json\/wp\/v2\/pages\/7038\/revisions"}],"up":[{"embeddable":true,"href":"https:\/\/padidehshimi.com\/tr\/wp-json\/wp\/v2\/pages\/6613"}],"wp:attachment":[{"href":"https:\/\/padidehshimi.com\/tr\/wp-json\/wp\/v2\/media?parent=7038"}],"curies":[{"name":"wp","href":"https:\/\/api.w.org\/{rel}","templated":true}]}}