{"id":8410,"date":"2026-05-13T13:11:07","date_gmt":"2026-05-13T09:41:07","guid":{"rendered":"https:\/\/padidehshimi.com\/?page_id=8410"},"modified":"2026-05-13T13:22:42","modified_gmt":"2026-05-13T09:52:42","slug":"politika","status":"publish","type":"page","link":"https:\/\/padidehshimi.com\/tr\/politika\/","title":{"rendered":"Politika"},"content":{"rendered":"\t\t<div data-elementor-type=\"wp-page\" data-elementor-id=\"8410\" class=\"elementor elementor-8410\" data-elementor-post-type=\"page\">\n\t\t\t\t\t\t<section class=\"elementor-section elementor-top-section elementor-element elementor-element-c444cbe wd-section-stretch-content elementor-section-boxed elementor-section-height-default elementor-section-height-default\" data-id=\"c444cbe\" data-element_type=\"section\" data-e-type=\"section\" data-settings=\"{&quot;background_background&quot;:&quot;classic&quot;}\">\n\t\t\t\t\t\t<div class=\"elementor-container elementor-column-gap-default\">\n\t\t\t\t\t<div class=\"elementor-column elementor-col-100 elementor-top-column elementor-element elementor-element-8c99dc8\" data-id=\"8c99dc8\" data-element_type=\"column\" data-e-type=\"column\" data-settings=\"{&quot;background_background&quot;:&quot;classic&quot;}\">\n\t\t\t<div class=\"elementor-widget-wrap elementor-element-populated\">\n\t\t\t\t\t\t<div class=\"elementor-element elementor-element-4d1d66f elementor-widget elementor-widget-heading\" data-id=\"4d1d66f\" data-element_type=\"widget\" data-e-type=\"widget\" data-widget_type=\"heading.default\">\n\t\t\t\t\t<h3 class=\"elementor-heading-title elementor-size-default\">Politika<\/h3>\t\t\t\t<\/div>\n\t\t\t\t\t<\/div>\n\t\t<\/div>\n\t\t\t\t\t<\/div>\n\t\t<\/section>\n\t\t\t\t<section class=\"elementor-section elementor-top-section elementor-element elementor-element-2288e04 about-single-tak elementor-section-boxed elementor-section-height-default elementor-section-height-default\" data-id=\"2288e04\" data-element_type=\"section\" data-e-type=\"section\" data-settings=\"{&quot;background_background&quot;:&quot;classic&quot;}\">\n\t\t\t\t\t\t<div class=\"elementor-container elementor-column-gap-default\">\n\t\t\t\t\t<div class=\"elementor-column elementor-col-100 elementor-top-column elementor-element elementor-element-70660e8\" data-id=\"70660e8\" data-element_type=\"column\" data-e-type=\"column\" data-settings=\"{&quot;background_background&quot;:&quot;classic&quot;}\">\n\t\t\t<div class=\"elementor-widget-wrap elementor-element-populated\">\n\t\t\t\t\t\t<div class=\"elementor-element elementor-element-76e0f93 elementor-widget elementor-widget-heading\" data-id=\"76e0f93\" data-element_type=\"widget\" data-e-type=\"widget\" data-widget_type=\"heading.default\">\n\t\t\t\t\t<h3 class=\"elementor-heading-title elementor-size-default\">Entegre Y\u00f6netim Sistemi Politikas\u0131<\/h3>\t\t\t\t<\/div>\n\t\t\t\t<div class=\"elementor-element elementor-element-af142c5 color-scheme-inherit text-left elementor-widget elementor-widget-text-editor\" data-id=\"af142c5\" data-element_type=\"widget\" data-e-type=\"widget\" data-widget_type=\"text-editor.default\">\n\t\t\t\t\t\t\t\t\t<p style=\"text-align: left;\">\u015eirket \u00a0Pedide \u015eimi Cem, \u00fclkedeki \u00e7e\u015fitli sanayilerin ihtiya\u00e7 duydu\u011fu kimyasal maddelerin ve bile\u015fiklerin tedariki ve \u00fcretimi alan\u0131nda \u00f6nc\u00fc kurulu\u015flardan biri olarak; teknik bilgi birikimi, kurumsal uzmanl\u0131\u011f\u0131 ve de\u011ferli deneyimlerinden yararlanarak, Entegre Y\u00f6netim Sistemi nin kurulmas\u0131 ve etkin bir \u015fekilde uygulanmas\u0131yla, payda\u015flar\u0131n ihtiya\u00e7 ve beklentilerine odaklanarak ve s\u00fcrd\u00fcr\u00fclebilir de\u011fer yaratarak, temel hammaddelerin temininde ve kimyasal maddeleri kullanan sanayilerin teknolojik seviyesinin geli\u015ftirilmesinde \u00f6nemli bir rol oynayaca\u011f\u0131na inanmaktad\u0131r.<\/p><p style=\"text-align: left;\">Bu do\u011frultuda \u015firketin temel y\u00f6nelimleri ve politikalar\u0131 a\u015fa\u011f\u0131daki gibidir:<\/p><p style=\"text-align: left;\">1. \u00c7e\u015fitli sanayilerin tedarik zincirinde etkin rol oynayarak i\u00e7 pazardaki pay\u0131n\u0131 art\u0131rmak ve ihracat\u0131 geli\u015ftirmek. <br \/>2. Bilgi temelli \u00fcr\u00fcnlerin ara\u015ft\u0131rma ve geli\u015ftirilmesi yoluyla y\u00fcksek katma de\u011ferli \u00fcr\u00fcnler geli\u015ftirmek ve sunmak. <br \/>3. \u00c7al\u0131\u015fanlar\u0131n e\u011fitimi ve yetkinliklerinin geli\u015ftirilmesine, bilgi teknolojileri \u00e7\u00f6z\u00fcmlerinin kullan\u0131lmas\u0131na ve operasyonel hatalar\u0131n ortadan kald\u0131r\u0131lmas\u0131na dayanarak s\u00fcre\u00e7leri s\u00fcrekli olarak iyile\u015ftirmek. <br \/>4. Etkin risk y\u00f6netimi yoluyla kaynak \u00e7e\u015fitlili\u011fini art\u0131rmak ve s\u00fcrekli, verimli ve kaliteli \u00fcretimi g\u00fcvence alt\u0131na almak. <br \/>5. Tehlikeleri ortadan kald\u0131rmak, meslek hastal\u0131klar\u0131n\u0131 \u00f6nlemek, kirlili\u011fi azaltmak ve \u00e7evreyi korumak.<\/p>\t\t\t\t\t\t\t\t<\/div>\n\t\t\t\t\t<\/div>\n\t\t<\/div>\n\t\t\t\t\t<\/div>\n\t\t<\/section>\n\t\t\t\t<section class=\"elementor-section elementor-top-section elementor-element elementor-element-bfc82c8 about-single-tak elementor-section-boxed elementor-section-height-default elementor-section-height-default\" data-id=\"bfc82c8\" data-element_type=\"section\" data-e-type=\"section\" data-settings=\"{&quot;background_background&quot;:&quot;classic&quot;}\">\n\t\t\t\t\t\t<div class=\"elementor-container elementor-column-gap-default\">\n\t\t\t\t\t<div class=\"elementor-column elementor-col-100 elementor-top-column elementor-element elementor-element-251d8fd\" data-id=\"251d8fd\" data-element_type=\"column\" data-e-type=\"column\" data-settings=\"{&quot;background_background&quot;:&quot;classic&quot;}\">\n\t\t\t<div class=\"elementor-widget-wrap elementor-element-populated\">\n\t\t\t\t\t\t<div class=\"elementor-element elementor-element-8fc8b6d color-scheme-inherit text-left elementor-widget elementor-widget-text-editor\" data-id=\"8fc8b6d\" data-element_type=\"widget\" data-e-type=\"widget\" data-widget_type=\"text-editor.default\">\n\t\t\t\t\t\t\t\t\t<p>Bu misyonun ger\u00e7ekle\u015ftirilmesi do\u011frultusunda \u015eirket, gerekli kaynaklar\u0131 tahsis etmeyi ve yasal, d\u00fczenleyici ve uluslararas\u0131 gerekliliklere uymay\u0131 taahh\u00fct eder. Bu kapsamda; **Kalite Y\u00f6netimi, \u0130\u015f Sa\u011fl\u0131\u011f\u0131 ve G\u00fcvenli\u011fi, \u00c7evre Y\u00f6netimi, M\u00fc\u015fteri Memnuniyetinin \u0130zlenmesi ve \u00d6l\u00e7\u00fclmesi K\u0131lavuzu ile \u015eik\u00e2yetlerin Ele Al\u0131nmas\u0131 K\u0131lavuzu**na ili\u015fkin sistemleri, a\u015fa\u011f\u0131daki standartlara dayal\u0131 olarak uygulamay\u0131 hedeflemektedir: <br \/>**ISO 9001:2015, ISO 45001:2018, ISO 14001:2015, ISO 10004:2018, ISO 10002:2018 ve HSE\u2011MS.** <br \/>S\u00f6z konusu sistemler organizasyonun t\u00fcm seviyelerinde uygulanacak, etkinlikleri s\u00fcrekli olarak izlenecek ve s\u00fcrekli iyile\u015ftirilecektir.<\/p><p>\u015eirketin \u00fcst y\u00f6netimi, t\u00fcm \u00e7al\u0131\u015fanlar\u0131n aktif kat\u0131l\u0131m\u0131n\u0131, ortak akl\u0131n kullan\u0131lmas\u0131n\u0131 ve payda\u015flarla isti\u015fare edilmesini sistemin ba\u015far\u0131l\u0131 bir \u015fekilde hayata ge\u00e7irilmesi ve uygulanmas\u0131n\u0131n temel \u00f6n ko\u015fulu olarak g\u00f6rmektedir. Ayr\u0131ca t\u00fcm \u00e7al\u0131\u015fanlar\u0131n sistem gereklilikleri konusunda bilin\u00e7li olmalar\u0131 ve bu gerekliliklere uymalar\u0131 gerekti\u011fini \u00f6zellikle vurgulamaktad\u0131r.<\/p>\t\t\t\t\t\t\t\t<\/div>\n\t\t\t\t\t<\/div>\n\t\t<\/div>\n\t\t\t\t\t<\/div>\n\t\t<\/section>\n\t\t\t\t<\/div>\n\t\t","protected":false},"excerpt":{"rendered":"<p>Politika Entegre Y\u00f6netim Sistemi Politikas\u0131 \u015eirket \u00a0Pedide \u015eimi Cem, \u00fclkedeki \u00e7e\u015fitli sanayilerin ihtiya\u00e7 duydu\u011fu kimyasal maddelerin ve bile\u015fiklerin tedariki ve<\/p>\n","protected":false},"author":1,"featured_media":0,"parent":0,"menu_order":0,"comment_status":"closed","ping_status":"closed","template":"","meta":{"_acf_changed":false,"footnotes":""},"class_list":["post-8410","page","type-page","status-publish","hentry"],"acf":[],"_links":{"self":[{"href":"https:\/\/padidehshimi.com\/tr\/wp-json\/wp\/v2\/pages\/8410","targetHints":{"allow":["GET"]}}],"collection":[{"href":"https:\/\/padidehshimi.com\/tr\/wp-json\/wp\/v2\/pages"}],"about":[{"href":"https:\/\/padidehshimi.com\/tr\/wp-json\/wp\/v2\/types\/page"}],"author":[{"embeddable":true,"href":"https:\/\/padidehshimi.com\/tr\/wp-json\/wp\/v2\/users\/1"}],"replies":[{"embeddable":true,"href":"https:\/\/padidehshimi.com\/tr\/wp-json\/wp\/v2\/comments?post=8410"}],"version-history":[{"count":2,"href":"https:\/\/padidehshimi.com\/tr\/wp-json\/wp\/v2\/pages\/8410\/revisions"}],"predecessor-version":[{"id":8419,"href":"https:\/\/padidehshimi.com\/tr\/wp-json\/wp\/v2\/pages\/8410\/revisions\/8419"}],"wp:attachment":[{"href":"https:\/\/padidehshimi.com\/tr\/wp-json\/wp\/v2\/media?parent=8410"}],"curies":[{"name":"wp","href":"https:\/\/api.w.org\/{rel}","templated":true}]}}