{"id":7119,"date":"2025-08-05T10:43:36","date_gmt":"2025-08-05T07:13:36","guid":{"rendered":"https:\/\/padidehshimi.com\/product\/polikvaterniyum-7-polikvanil-7\/"},"modified":"2025-08-05T10:43:36","modified_gmt":"2025-08-05T07:13:36","slug":"polikvaterniyum-7-polikvanil-7","status":"publish","type":"product","link":"https:\/\/padidehshimi.com\/tr\/urun\/polikvaterniyum-7-polikvanil-7\/","title":{"rendered":"Polikvaterniyum 7 (Polikvanil 7)"},"content":{"rendered":"<p style=\"text-align: justify;\">Polikvaterniyum 7, ticari ad\u0131yla Polikvanil 7, <a href=\"https:\/\/padidehshimi.com\/tr\/product-category\/detergents-and-hygiene-tr\/\">temizlik ve kozmetik kimyasallar\u0131<\/a> i\u00e7in bir hammadde olarak kullan\u0131lmaktad\u0131r. Bu madde, ki\u015fisel bak\u0131m ve kozmetik \u00fcr\u00fcnlerinde yumu\u015fat\u0131c\u0131, anti-statik ve k\u00f6p\u00fck stabilizat\u00f6r\u00fc olarak g\u00f6rev yapar ve bu sekt\u00f6rde geni\u015f bir kullan\u0131m alan\u0131na sahiptir. \u0130ran\u2019da kimyasal hammaddeler \u00fcreten Padideh Shimi Jam \u015firketi, Polikvaterniyum 7 \u00fcr\u00fcn\u00fcn\u00fc kimyasal \u00fcr\u00fcn \u00fcreticilerinin kullan\u0131m\u0131na sunmaktad\u0131r. <\/p>\n<p style=\"text-align: justify;\"><strong><a href=\"https:\/\/padidehshimi.com\/\">Padideh Shimi Jam\u2019<\/a>\u0131n Polikvaterniyum 7 \u00fcr\u00fcn\u00fc paraben i\u00e7ermez, toksik de\u011fildir ve \u00f6nerilen kullan\u0131m miktar\u0131nda g\u00fcvenlidir. Bu katyonik polimer, silikonlara g\u00fcvenli ve maliyet a\u00e7\u0131s\u0131ndan uygun bir alternatif olabilir. <\/strong><\/p>\n<h2 style=\"text-align: justify;\">Polikvaterniyum 7\u2019nin Kullan\u0131m Alanlar\u0131:<\/h2>\n<ul>\n<li style=\"text-align: justify;\">Sa\u00e7 bak\u0131m \u00fcr\u00fcnleri: <a href=\"https:\/\/padidehshimi.com\/urun\/polyquanil-7\/\">Polikvaterniyum 7<\/a> (Polyquaternium-7), \u015fampuanlar, sa\u00e7 kremleri ve \u015fekillendirici \u00fcr\u00fcnler gibi sa\u00e7 bak\u0131m \u00fcr\u00fcnlerinin form\u00fclasyonlar\u0131nda kullan\u0131l\u0131r. Bu madde, sa\u00e7 \u00fczerinde koruyucu bir tabaka olu\u015fturarak ve anti-statik \u00f6zellik sa\u011flayarak parlakl\u0131\u011f\u0131 art\u0131r\u0131r, kabarmay\u0131 azalt\u0131r, ince sa\u00e7 buklelerinin \u015feklini iyile\u015ftirir, \u015fekillendirilebilirli\u011fi art\u0131r\u0131r ve sa\u00e7\u0131n genel g\u00f6r\u00fcn\u00fcm\u00fcn\u00fc geli\u015ftirir. Ayr\u0131ca, hasar g\u00f6rm\u00fc\u015f sa\u00e7lar\u0131n onar\u0131m\u0131na yard\u0131mc\u0131 olarak sa\u00e7\u0131n genel g\u00f6r\u00fcn\u00fcm\u00fcn\u00fc iyile\u015ftirmede etkili bir rol oynar.  <\/li>\n<li style=\"text-align: justify;\">Sa\u00e7 boyas\u0131: Polikvaterniyum 7, sa\u00e7 boyas\u0131 \u00fcr\u00fcnlerinde yumu\u015fat\u0131c\u0131 ve koruyucu bir ajan olarak bilinir. Sa\u00e7\u0131n nemini korumaya yard\u0131mc\u0131 olur ve kuruma ile hasar g\u00f6rmesini \u00f6nler. Ayr\u0131ca, Polikvaterniyum 7 boyal\u0131 sa\u00e7lar\u0131n parlakl\u0131\u011f\u0131n\u0131 ve yumu\u015fakl\u0131\u011f\u0131n\u0131 art\u0131r\u0131r ve \u015fekillendirilebilirli\u011fini iyile\u015ftirir. Bu nedenle, bir\u00e7ok sa\u00e7 boyas\u0131 \u00fcr\u00fcn\u00fcn\u00fcn form\u00fclasyonunda kullan\u0131lmaktad\u0131r.  <\/li>\n<li style=\"text-align: justify;\">Du\u015f jelleri ve s\u0131v\u0131 sabunlar: Polikvanil 7, du\u015f jelleri ve s\u0131v\u0131 sabunlarda yumu\u015fat\u0131c\u0131 ve k\u00f6p\u00fck stabilizat\u00f6r\u00fc olarak kullan\u0131l\u0131r. Bu madde, cilt \u00fczerinde koruyucu bir tabaka olu\u015fturarak do\u011fal nemin korunmas\u0131na yard\u0131mc\u0131 olur ve cildin kurumas\u0131n\u0131 ve tahri\u015f olmas\u0131n\u0131 \u00f6nler. Ayr\u0131ca, y\u00fczey aktif maddelerden kaynaklanan yanma ve ka\u015f\u0131nt\u0131 hissini azalt\u0131r ve daha yumu\u015fak ve ho\u015f bir y\u0131kama deneyimi sa\u011flar.<\/li>\n<li style=\"text-align: justify;\">Cilt ve y\u00fcz bak\u0131m \u00fcr\u00fcnleri: Bu g\u00fcvenli katyonik polimer, nemlendirici \u00f6zellikleri, koruyucu tabaka olu\u015fturma, viskozite art\u0131rma, \u00fcr\u00fcn stabilizasyonu ve g\u00f6zlerde yanma veya ka\u015f\u0131nt\u0131 olu\u015fturmama \u00f6zellikleri nedeniyle krem ve y\u00fcz temizleyicileri gibi cilt ve y\u00fcz bak\u0131m \u00fcr\u00fcnlerinde kullan\u0131l\u0131r. Padideh Shimi Jam taraf\u0131ndan \u00fcretilen Polikvaterniyum 7, paraben i\u00e7ermez ve paraben i\u00e7ermeyen form\u00fclasyonlarda kullan\u0131labilir. <\/li>\n<li style=\"text-align: justify;\">Ki\u015fisel hijyen \u00fcr\u00fcnleri: Polikvanil 7, yumu\u015fat\u0131c\u0131 ve nazik \u00f6zellikleri, k\u00f6p\u00fck stabilizasyonu, anti-statik \u00f6zellik, \u015feffafl\u0131k ve di\u011fer y\u00fczey aktif maddelerle uyumlulu\u011fu nedeniyle du\u015f k\u00f6p\u00fckleri, kremler ve t\u0131ra\u015f losyonlar\u0131 gibi ki\u015fisel bak\u0131m \u00fcr\u00fcnlerinde yayg\u0131n olarak kullan\u0131l\u0131r.<\/li>\n<li style=\"text-align: justify;\">Silikonsuz form\u00fclasyonlar: Polikvaterniyum 7, silikonlar i\u00e7in uygun maliyetli ve g\u00fcvenli bir alternatif olarak bilinir ve silikonsuz form\u00fclasyonlarda do\u011fal sa\u00e7 yumu\u015fat\u0131c\u0131 ve \u015fekillendirici olarak kullan\u0131l\u0131r. Sa\u00e7\u0131n yumu\u015fakl\u0131\u011f\u0131n\u0131 ve parlakl\u0131\u011f\u0131n\u0131 korumaya yard\u0131mc\u0131 olurken a\u011f\u0131rl\u0131k hissi yaratmaz.<\/li>\n<\/ul>\n","protected":false},"excerpt":{"rendered":"<p style=\"text-align: justify;\">Polikvaterniyum 7, suda \u00e7\u00f6z\u00fcnebilen katyonik bir polimer olup, son derece etkili ve nazik bir yumu\u015fat\u0131c\u0131 olarak sa\u00e7 ve cilt bak\u0131m \u00fcr\u00fcnleri ile ki\u015fisel ve hijyenik temizleyicilerin form\u00fclasyonlar\u0131nda yayg\u0131n \u015fekilde kullan\u0131l\u0131r. Bu madde, istenilen yumu\u015fakl\u0131\u011f\u0131 sa\u011flayarak cilt ve sa\u00e7\u0131n neminin korunmas\u0131na yard\u0131mc\u0131 olur ve hijyen \u00fcr\u00fcnlerinin kalitesinin ve t\u00fcketici deneyiminin iyile\u015ftirilmesinde \u00f6nemli bir rol oynar. <\/p>\n<p><strong>Minimum sipari\u015f miktar\u0131: 200 kilogram <\/strong><\/p>\n","protected":false},"featured_media":7125,"comment_status":"open","ping_status":"closed","template":"","meta":{"_acf_changed":false},"product_brand":[],"product_cat":[211,264,259],"product_tag":[],"class_list":{"0":"post-7119","1":"product","2":"type-product","3":"status-publish","4":"has-post-thumbnail","6":"product_cat-detergents-and-hygiene-tr","7":"product_cat-personal-care-tr","8":"product_cat-beauty-tr","10":"first","11":"instock","12":"shipping-taxable","13":"product-type-simple"},"acf":[],"_links":{"self":[{"href":"https:\/\/padidehshimi.com\/tr\/wp-json\/wp\/v2\/product\/7119","targetHints":{"allow":["GET"]}}],"collection":[{"href":"https:\/\/padidehshimi.com\/tr\/wp-json\/wp\/v2\/product"}],"about":[{"href":"https:\/\/padidehshimi.com\/tr\/wp-json\/wp\/v2\/types\/product"}],"replies":[{"embeddable":true,"href":"https:\/\/padidehshimi.com\/tr\/wp-json\/wp\/v2\/comments?post=7119"}],"version-history":[{"count":0,"href":"https:\/\/padidehshimi.com\/tr\/wp-json\/wp\/v2\/product\/7119\/revisions"}],"wp:featuredmedia":[{"embeddable":true,"href":"https:\/\/padidehshimi.com\/tr\/wp-json\/wp\/v2\/media\/7125"}],"wp:attachment":[{"href":"https:\/\/padidehshimi.com\/tr\/wp-json\/wp\/v2\/media?parent=7119"}],"wp:term":[{"taxonomy":"product_brand","embeddable":true,"href":"https:\/\/padidehshimi.com\/tr\/wp-json\/wp\/v2\/product_brand?post=7119"},{"taxonomy":"product_cat","embeddable":true,"href":"https:\/\/padidehshimi.com\/tr\/wp-json\/wp\/v2\/product_cat?post=7119"},{"taxonomy":"product_tag","embeddable":true,"href":"https:\/\/padidehshimi.com\/tr\/wp-json\/wp\/v2\/product_tag?post=7119"}],"curies":[{"name":"wp","href":"https:\/\/api.w.org\/{rel}","templated":true}]}}