{"id":7126,"date":"2024-09-30T13:49:50","date_gmt":"2024-09-30T10:19:50","guid":{"rendered":"https:\/\/padidehshimi.com\/product\/palm-cekirdegi-yag-asidi-dietanolamid-iramid-pkd\/"},"modified":"2024-09-30T13:49:50","modified_gmt":"2024-09-30T10:19:50","slug":"palm-cekirdegi-yag-asidi-dietanolamid-iramid-pkd","status":"publish","type":"product","link":"https:\/\/padidehshimi.com\/tr\/urun\/palm-cekirdegi-yag-asidi-dietanolamid-iramid-pkd\/","title":{"rendered":"Palm \u00c7ekirde\u011fi Ya\u011f Asidi Dietanolamid (\u0130ramid PKD)"},"content":{"rendered":"<h2 style=\"text-align: justify;\">Palm \u00c7ekirde\u011fi Ya\u011f Asidi Dietanolamid\u2019in kullan\u0131m alanlar\u0131 ve uygulamalar\u0131<\/h2>\n<ol>\n<li style=\"text-align: justify;\">Kozmetik \u00fcr\u00fcnler: Palm \u00c7ekirde\u011fi Ya\u011f Asidi Dietanolamid (IRAMID PKD), losyonlar, kremler ve kozmetik \u00fcr\u00fcnlerin form\u00fclasyonlar\u0131nda em\u00fclgat\u00f6r ve stabilize edici ajan olarak kullan\u0131l\u0131r. Bu bile\u015fik, em\u00fclsiyonlar\u0131n stabilitesini art\u0131rmaya yard\u0131mc\u0131 olur, \u00fcr\u00fcn dokusunu iyile\u015ftirir ve \u00fcr\u00fcnlerin cilt \u00fczerinde daha kolay yay\u0131lmas\u0131n\u0131 sa\u011flar.<\/li>\n<li style=\"text-align: justify;\">Ki\u015fisel bak\u0131m \u00fcr\u00fcnleri: Palm \u00c7ekirde\u011fi Ya\u011f Asidi Dietanolamid (Palm Kernel Fatty Acid Diethanol Amide), k\u00f6p\u00fck g\u00fc\u00e7lendirici ve stabilize edici, viskozite art\u0131r\u0131c\u0131 ve em\u00fclgat\u00f6r ajan olarak bilinir ve \u00fcr\u00fcn\u00fcn bile\u015fimini, dokusunu ve stabilitesini iyile\u015ftirmeye yard\u0131mc\u0131 olur. Bu madde; \u015fampuan, sa\u00e7 maskesi, v\u00fccut temizleyicileri, s\u0131v\u0131 sabunlar ve dezenfektanlar d\u00e2hil olmak \u00fczere geni\u015f bir yelpazedeki ki\u015fisel bak\u0131m \u00fcr\u00fcnlerinde kullan\u0131l\u0131r.<\/li>\n<li style=\"text-align: justify;\">Temizlik \u00fcr\u00fcnleri: \u0130ramid PKD, em\u00fclgat\u00f6r ve stabilize edici ajan olarak bilinir ve s\u0131v\u0131 bula\u015f\u0131k deterjan\u0131, \u00e7ama\u015f\u0131r y\u0131kama s\u0131v\u0131lar\u0131, \u00e7ok ama\u00e7l\u0131 temizleyiciler ve y\u00fczey temizleyicileri gibi evsel ve end\u00fcstriyel temizlik \u00fcr\u00fcnlerinde yayg\u0131n olarak kullan\u0131l\u0131r. Bu bile\u015fik, kir, ya\u011f ve lekeleri y\u00fczeylerden uzakla\u015ft\u0131rarak temizleyicinin genel performans\u0131n\u0131 art\u0131r\u0131r.<\/li>\n<li style=\"text-align: justify;\">End\u00fcstriyel kullan\u0131m alanlar\u0131: \u0130ramid PKD; tekstil, metal i\u015fleme ve boya \u00fcretimi gibi \u00e7e\u015fitli end\u00fcstrilerde kullan\u0131l\u0131r. Bu bile\u015fik, em\u00fclgat\u00f6r ve \u0131slat\u0131c\u0131 ajan olarak g\u00f6rev yapar ve bu sekt\u00f6rlerde ya\u011flar\u0131n, boyalar\u0131n ve pigmentlerin da\u011f\u0131l\u0131m\u0131na yard\u0131mc\u0131 olur.<\/li>\n<li style=\"text-align: justify;\">Tar\u0131msal \u00fcr\u00fcnler: Palm \u00c7ekirde\u011fi Ya\u011f Asidi Dietanolamid, herbisit, insektisit ve fungisit form\u00fclasyonlar\u0131nda stabilize edici, antibakteriyel ve dezenfektan ajan olarak kullan\u0131l\u0131r. Bu bile\u015fik, kimyasal maddelerin bitki y\u00fczeylerinde yay\u0131labilirli\u011fini ve n\u00fcfuzunu art\u0131rarak etkinliklerini y\u00fckseltir.<\/li>\n<li style=\"text-align: justify;\">Yap\u0131\u015ft\u0131r\u0131c\u0131lar ve kaplamalar: \u0130ramid PKD, yap\u0131\u015ft\u0131r\u0131c\u0131 ve kaplama form\u00fclasyonlar\u0131nda \u0131slat\u0131c\u0131, stabilize edici, em\u00fclgat\u00f6r ve kaplama \u00f6zelliklerini iyile\u015ftirici ajan olarak kullan\u0131l\u0131r ve y\u00fczeyler aras\u0131ndaki yap\u0131\u015fmay\u0131 art\u0131rmaya yard\u0131mc\u0131 olur.<\/li>\n<li style=\"text-align: justify;\">Di\u011fer kullan\u0131m alanlar\u0131: \u0130ramid PKD, deri end\u00fcstrisi ve tekstil yard\u0131mc\u0131 \u00fcr\u00fcnleri gibi di\u011fer sekt\u00f6rlerde de kullan\u0131labilir ve boyalarda da\u011f\u0131t\u0131c\u0131 ajan olarak g\u00f6rev yapar.<\/li>\n<\/ol>\n","protected":false},"excerpt":{"rendered":"<p>Palm \u00c7ekirde\u011fi Ya\u011f Asidi Dietanolamid veya \u0130ramid PKD, d\u00fc\u015f\u00fck elektrolit miktarlar\u0131nda bile k\u00f6p\u00fck ve viskoziteyi art\u0131rabilen bir noniyonik y\u00fczey aktif maddedir. Bu \u00fcr\u00fcn\u00fcn \u00fcretiminde palm \u00e7ekirde\u011fi ya\u011f asidi kullan\u0131lm\u0131\u015ft\u0131r. \u0130ramid PKD\u2019nin benzersiz \u00f6zellikleri aras\u0131nda metil ester ve metanol kokusu olmamas\u0131 yer almaktad\u0131r. Bu bile\u015fik, benzer \u00fcr\u00fcnlere k\u0131yasla daha a\u00e7\u0131k renge sahip olup \u00fcr\u00fcn\u00fcn viskozitesini art\u0131r\u0131r. \u00c7e\u015fitli end\u00fcstrilerde, \u00f6zellikle ki\u015fisel bak\u0131m ve temizlik \u00fcr\u00fcnlerinin \u00fcretiminde kullan\u0131l\u0131r.    <\/p>\n<p><strong>Minimum sipari\u015f miktar\u0131: 1 tonluk tank <\/strong><\/p>\n","protected":false},"featured_media":7130,"comment_status":"open","ping_status":"closed","template":"","meta":{"_acf_changed":false},"product_brand":[],"product_cat":[239,243,211,262,257,264,259,249,253,255,245,251],"product_tag":[290,268,306,316,270,310],"class_list":{"0":"post-7126","1":"product","2":"type-product","3":"status-publish","4":"has-post-thumbnail","6":"product_cat-water-treatment-tr","7":"product_cat-paint-and-resin-tr","8":"product_cat-detergents-and-hygiene-tr","9":"product_cat-home-care-tr","10":"product_cat-paper-and-cellulose-tr","11":"product_cat-personal-care-tr","12":"product_cat-beauty-tr","13":"product_cat-plastic-and-rubber-tr","14":"product_cat-oil-gas-petrochemical-tr","15":"product_cat-ceramic-and-tile-tr","16":"product_cat-agricultural-tr","17":"product_cat-textile-tr","18":"product_tag-detergents-tr","19":"product_tag-emulgator-tr","20":"product_tag-lubricant-tr","21":"product_tag-thickeners-tr","22":"product_tag-emollient-tr","23":"product_tag-softner-tr","25":"first","26":"instock","27":"shipping-taxable","28":"product-type-simple"},"acf":[],"_links":{"self":[{"href":"https:\/\/padidehshimi.com\/tr\/wp-json\/wp\/v2\/product\/7126","targetHints":{"allow":["GET"]}}],"collection":[{"href":"https:\/\/padidehshimi.com\/tr\/wp-json\/wp\/v2\/product"}],"about":[{"href":"https:\/\/padidehshimi.com\/tr\/wp-json\/wp\/v2\/types\/product"}],"replies":[{"embeddable":true,"href":"https:\/\/padidehshimi.com\/tr\/wp-json\/wp\/v2\/comments?post=7126"}],"version-history":[{"count":0,"href":"https:\/\/padidehshimi.com\/tr\/wp-json\/wp\/v2\/product\/7126\/revisions"}],"wp:featuredmedia":[{"embeddable":true,"href":"https:\/\/padidehshimi.com\/tr\/wp-json\/wp\/v2\/media\/7130"}],"wp:attachment":[{"href":"https:\/\/padidehshimi.com\/tr\/wp-json\/wp\/v2\/media?parent=7126"}],"wp:term":[{"taxonomy":"product_brand","embeddable":true,"href":"https:\/\/padidehshimi.com\/tr\/wp-json\/wp\/v2\/product_brand?post=7126"},{"taxonomy":"product_cat","embeddable":true,"href":"https:\/\/padidehshimi.com\/tr\/wp-json\/wp\/v2\/product_cat?post=7126"},{"taxonomy":"product_tag","embeddable":true,"href":"https:\/\/padidehshimi.com\/tr\/wp-json\/wp\/v2\/product_tag?post=7126"}],"curies":[{"name":"wp","href":"https:\/\/api.w.org\/{rel}","templated":true}]}}