{"id":7222,"date":"2024-09-29T12:56:59","date_gmt":"2024-09-29T09:26:59","guid":{"rendered":"https:\/\/padidehshimi.com\/product\/kokamidopropil-hidroksisultin-amphonil-cas\/"},"modified":"2024-09-29T12:56:59","modified_gmt":"2024-09-29T09:26:59","slug":"kokamidopropil-hidroksisultin-amphonil-cas","status":"publish","type":"product","link":"https:\/\/padidehshimi.com\/tr\/urun\/kokamidopropil-hidroksisultin-amphonil-cas\/","title":{"rendered":"Kokamidopropil Hidroksis\u00fcltin (AMPHONIL CAS)"},"content":{"rendered":"<h2>Kokamidopropil Hidroksis\u00fclfat (AMPHONIL CAS) Kullan\u0131m Alanlar\u0131<\/h2>\n<ol>\n<li style=\"text-align: justify;\"><span style=\"color: #00adb5;\">Ki\u015fisel bak\u0131m \u00fcr\u00fcnleri:<\/span> Kokamidopropil hidroksi<a href=\"https:\/\/padidehshimi.com\/urun\/amphonil-cas\/\">s\u00fcltan<\/a>, k\u00f6p\u00fcrme ve temizleme \u00f6zelliklerinin b\u00fcy\u00fck \u00f6nem ta\u015f\u0131d\u0131\u011f\u0131 kad\u0131n hijyen \u00fcr\u00fcnleri ve t\u0131ra\u015f kremleri gibi di\u011fer ki\u015fisel bak\u0131m \u00fcr\u00fcnlerinde de kullan\u0131labilir.<\/li>\n<li style=\"text-align: justify;\"><span style=\"color: #00adb5;\">Bebek bak\u0131m \u00fcr\u00fcnleri:<\/span> AMPHONIL CAS, yumu\u015fakl\u0131\u011f\u0131 nedeniyle genellikle bebek \u015fampuanlar\u0131nda, kremlerinde ve banyo \u00fcr\u00fcnlerinde kullan\u0131l\u0131r. Bebeklerin ve \u00e7ocuklar\u0131n hassas cildini nazik\u00e7e temizler ve tahri\u015f etmez.<\/li>\n<li style=\"text-align: justify;\"><span style=\"color: #00adb5;\">\u015eampuanlar ve sa\u00e7 kremleri:<\/span> Kokamidopropil hidroksis\u00fcltin, k\u00f6p\u00fcrtme ve temizleme \u00f6zellikleri nedeniyle genellikle \u015fampuan ve sa\u00e7 kremlerinde bulunur. Sa\u00e7 ve sa\u00e7 derisinde kullan\u0131lan \u00fcr\u00fcnlerden kir, ya\u011f ve kal\u0131nt\u0131lar\u0131 gidermeye yard\u0131mc\u0131 olur.<\/li>\n<li style=\"text-align: justify;\"><span style=\"color: #00adb5;\">Kremler ve banyo \u00fcr\u00fcnleri:<\/span> Ticari ad\u0131 Amfonyl CAS olan kokamidopropil hidroksis\u00fclfat, kremlerde, y\u0131kama jellerinde ve di\u011fer banyo \u00fcr\u00fcnlerinde deterjan olarak kullan\u0131l\u0131r ve y\u00fcksek k\u00f6p\u00fck olu\u015fturarak cildi etkili bir \u015fekilde temizler, yumu\u015fak ve nemli b\u0131rak\u0131r.<\/li>\n<li style=\"text-align: justify;\"><span style=\"color: #00adb5;\">El dezenfektan\u0131:<\/span> Bir\u00e7ok el dezenfektan\u0131, k\u00f6p\u00fck olu\u015fturmaya ve elleri etkili bir \u015fekilde temizlemeye yard\u0131mc\u0131 olan kokamidopropil hidroksis\u00fclfat i\u00e7erir. K\u00f6p\u00fcrme ve temizleme \u00f6zelliklerini iyile\u015ftirmek i\u00e7in genellikle di\u011fer y\u00fczey aktif maddelerle birle\u015ftirilir.<\/li>\n<li style=\"text-align: justify;\"><span style=\"color: #00adb5;\">Y\u00fcz temizleyiciler:<\/span> Kokamidopropil Hidroksis\u00fcltain, y\u00fcz temizleyicilerde de kullan\u0131l\u0131r. Ciltteki kiri, fazla ya\u011f\u0131 ve makyaj\u0131 temizlemeye yard\u0131mc\u0131 olur. Yumu\u015fat\u0131c\u0131 \u00f6zellikleri sayesinde hassas y\u00fcz ciltleri i\u00e7in uygundur.<\/li>\n<li style=\"text-align: justify;\"><span style=\"color: #00adb5;\">Di\u011fer kullan\u0131m alanlar\u0131:<\/span> Kokamidopropil Hidroksis\u00fcltain, benzersiz \u00f6zellikleri nedeniyle s\u0131v\u0131 sabunlar, bula\u015f\u0131k deterjan\u0131 ve \u00e7ok ama\u00e7l\u0131 temizleyiciler de dahil olmak \u00fczere \u00e7e\u015fitli \u00fcr\u00fcnlerde kullan\u0131lmaktad\u0131r.<\/li>\n<\/ol>\n","protected":false},"excerpt":{"rendered":"<p>Kokamidopropil hidroksis\u00fcltin, hindistan cevizi ya\u011f\u0131 bazl\u0131, s\u00fclfobetain (s\u00fcltin) s\u0131n\u0131f\u0131na ait amfoterik bir y\u00fczey aktif maddedir. Genellikle ki\u015fisel bak\u0131m \u00fcr\u00fcnlerinde, ev ve end\u00fcstriyel deterjanlarda k\u00f6p\u00fck art\u0131r\u0131c\u0131 ve viskozite d\u00fczenleyici olarak kullan\u0131l\u0131r. <\/p>\n<p><strong>Minimum sipari\u015f miktar\u0131: 220 kg varil <\/strong> <strong>\u00c7ift a\u011f\u0131zl\u0131<\/strong> <strong>plastik<\/strong><\/p>\n","protected":false},"featured_media":7000,"comment_status":"open","ping_status":"closed","template":"","meta":{"_acf_changed":false},"product_brand":[],"product_cat":[237,243,262,241,257,264,249,255,239,245],"product_tag":[290,280,322,306,296,318,316,270],"class_list":{"0":"post-7222","1":"product","2":"type-product","3":"status-publish","4":"has-post-thumbnail","6":"product_cat-other-industries-tr","7":"product_cat-paint-and-resin-tr","8":"product_cat-home-care-tr","9":"product_cat-pharmaceutical-tr","10":"product_cat-paper-and-cellulose-tr","11":"product_cat-personal-care-tr","12":"product_cat-plastic-and-rubber-tr","13":"product_cat-ceramic-and-tile-tr","14":"product_cat-water-treatment-tr","15":"product_cat-agricultural-tr","16":"product_tag-detergents-tr","17":"product_tag-wetting-agent-tr","18":"product_tag-foaming-agent-tr","19":"product_tag-lubricant-tr","20":"product_tag-antistatic-agent-tr","21":"product_tag-cleansing-agent-tr","22":"product_tag-thickeners-tr","23":"product_tag-emollient-tr","25":"first","26":"instock","27":"shipping-taxable","28":"product-type-simple"},"acf":[],"_links":{"self":[{"href":"https:\/\/padidehshimi.com\/tr\/wp-json\/wp\/v2\/product\/7222","targetHints":{"allow":["GET"]}}],"collection":[{"href":"https:\/\/padidehshimi.com\/tr\/wp-json\/wp\/v2\/product"}],"about":[{"href":"https:\/\/padidehshimi.com\/tr\/wp-json\/wp\/v2\/types\/product"}],"replies":[{"embeddable":true,"href":"https:\/\/padidehshimi.com\/tr\/wp-json\/wp\/v2\/comments?post=7222"}],"version-history":[{"count":0,"href":"https:\/\/padidehshimi.com\/tr\/wp-json\/wp\/v2\/product\/7222\/revisions"}],"wp:featuredmedia":[{"embeddable":true,"href":"https:\/\/padidehshimi.com\/tr\/wp-json\/wp\/v2\/media\/7000"}],"wp:attachment":[{"href":"https:\/\/padidehshimi.com\/tr\/wp-json\/wp\/v2\/media?parent=7222"}],"wp:term":[{"taxonomy":"product_brand","embeddable":true,"href":"https:\/\/padidehshimi.com\/tr\/wp-json\/wp\/v2\/product_brand?post=7222"},{"taxonomy":"product_cat","embeddable":true,"href":"https:\/\/padidehshimi.com\/tr\/wp-json\/wp\/v2\/product_cat?post=7222"},{"taxonomy":"product_tag","embeddable":true,"href":"https:\/\/padidehshimi.com\/tr\/wp-json\/wp\/v2\/product_tag?post=7222"}],"curies":[{"name":"wp","href":"https:\/\/api.w.org\/{rel}","templated":true}]}}